{"id":2080,"date":"2018-12-24T11:18:13","date_gmt":"2018-12-24T11:18:13","guid":{"rendered":"https:\/\/sugardaddybelgium.eu\/?page_id=2080"},"modified":"2026-01-06T10:51:56","modified_gmt":"2026-01-06T09:51:56","slug":"contacto","status":"publish","type":"page","link":"https:\/\/sugardaddybelgium.eu\/de\/contacto\/","title":{"rendered":"Kontakt &amp; Unterst\u00fctzung"},"content":{"rendered":"<div style=\"background: linear-gradient(135deg, #1a1a1a 0%, #2d2d2d 100%); border-left: 4px solid #d4af37; padding: 20px 25px; margin: 30px 0; border-radius: 0 8px 8px 0;\">\n<p style=\"color: #ccc; font-size: 1.05em; margin: 0;\">Haben Sie eine Frage, einen Kommentar oder eine Anregung? Unser Team steht Ihnen gerne zur Verf\u00fcgung. F\u00fcllen Sie das untenstehende Formular aus und wir werden Sie so schnell wie m\u00f6glich kontaktieren.<\/p>\n<\/div>\n\n\n\n<div style=\"display: grid; grid-template-columns: repeat(auto-fit, minmax(250px, 1fr)); gap: 20px; margin: 35px 0;\">\n\n<div style=\"background: #1a1a1a; border: 1px solid #333; border-radius: 10px; padding: 22px; text-align: center;\">\n<div style=\"color: #d4af37; font-size: 1.5em; margin-bottom: 12px;\">\ud83d\udcac<\/div>\n<h4 style=\"color: #fff; margin: 0 0 8px 0; font-size: 1em;\">Allgemeine Fragen<\/h4>\n<p style=\"color: #999; margin: 0; font-size: 0.9em;\">Benutzen Sie das untenstehende Formular f\u00fcr alle Ihre Fragen zur Mitgliedschaft, zu den Funktionen oder zur Plattform.<\/p>\n<\/div>\n\n<div style=\"background: #1a1a1a; border: 1px solid #333; border-radius: 10px; padding: 22px; text-align: center;\">\n<div style=\"color: #d4af37; font-size: 1.5em; margin-bottom: 12px;\">\ud83d\udee1\ufe0f<\/div>\n<h4 style=\"color: #fff; margin: 0 0 8px 0; font-size: 1em;\">Sicherheit und Benachrichtigungen<\/h4>\n<p style=\"color: #999; margin: 0; font-size: 0.9em;\">Verd\u00e4chtiges Verhalten melden? Senden Sie eine E-Mail an <span style=\"color: #d4af37;\">meldingen@sugardaddybelgium.eu<\/span><\/p>\n<\/div>\n\n<div style=\"background: #1a1a1a; border: 1px solid #333; border-radius: 10px; padding: 22px; text-align: center;\">\n<div style=\"color: #d4af37; font-size: 1.5em; margin-bottom: 12px;\">\ud83d\udd12<\/div>\n<h4 style=\"color: #fff; margin: 0 0 8px 0; font-size: 1em;\">Anfragen zum Datenschutz<\/h4>\n<p style=\"color: #999; margin: 0; font-size: 0.9em;\">AVG-Anfragen und Datenverwaltung \u00fcber <span style=\"color: #d4af37;\">privacy@sugardaddybelgium.eu<\/span><\/p>\n<\/div>\n\n<\/div>\n\n\n\n<div style=\"background: #1a1a1a; border: 1px solid #333; border-radius: 12px; padding: 35px; margin: 30px 0;\">\n<h3 style=\"color: #d4af37; margin: 0 0 25px 0; text-align: center; font-size: 1.3em;\">\ud83d\udcdd Senden Sie uns eine Nachricht<\/h3>\n\n\n\n<div class=\"wpcf7 no-js\" id=\"wpcf7-f9312-o1\" lang=\"en-US\" dir=\"ltr\" data-wpcf7-id=\"9312\">\n<div class=\"screen-reader-response\"><p role=\"status\" aria-live=\"polite\" aria-atomic=\"true\"><\/p> <ul><\/ul><\/div>\n<form action=\"\/de\/wp-json\/wp\/v2\/pages\/2080#wpcf7-f9312-o1\" method=\"post\" class=\"wpcf7-form init\" aria-label=\"Contact form\" novalidate=\"novalidate\" data-status=\"init\" data-trp-original-action=\"\/de\/wp-json\/wp\/v2\/pages\/2080#wpcf7-f9312-o1\">\n<fieldset class=\"hidden-fields-container\"><input type=\"hidden\" name=\"_wpcf7\" value=\"9312\" \/><input type=\"hidden\" name=\"_wpcf7_version\" value=\"6.1.5\" \/><input type=\"hidden\" name=\"_wpcf7_locale\" value=\"en_US\" \/><input type=\"hidden\" name=\"_wpcf7_unit_tag\" value=\"wpcf7-f9312-o1\" \/><input type=\"hidden\" name=\"_wpcf7_container_post\" value=\"0\" \/><input type=\"hidden\" name=\"_wpcf7_posted_data_hash\" value=\"\" \/><input type=\"hidden\" name=\"_wpcf7_recaptcha_response\" value=\"\" \/>\n<\/fieldset>\n<p><label> Name<br \/>\n<span class=\"wpcf7-form-control-wrap\" data-name=\"your-name\"><input size=\"40\" maxlength=\"400\" class=\"wpcf7-form-control wpcf7-text wpcf7-validates-as-required\" aria-required=\"true\" aria-invalid=\"false\" value=\"\" type=\"text\" name=\"your-name\" \/><\/span> <\/label><br \/>\n<label> E-Mail Adresse<br \/>\n<span class=\"wpcf7-form-control-wrap\" data-name=\"your-email\"><input size=\"40\" maxlength=\"400\" class=\"wpcf7-form-control wpcf7-email wpcf7-validates-as-required wpcf7-text wpcf7-validates-as-email\" aria-required=\"true\" aria-invalid=\"false\" value=\"\" type=\"email\" name=\"your-email\" \/><\/span> <\/label><br \/>\n<label> Thema<br \/>\n<span class=\"wpcf7-form-control-wrap\" data-name=\"your-subject\"><input size=\"40\" maxlength=\"400\" class=\"wpcf7-form-control wpcf7-text wpcf7-validates-as-required\" aria-required=\"true\" aria-invalid=\"false\" value=\"\" type=\"text\" name=\"your-subject\" \/><\/span> <\/label><br \/>\n<label> Nachricht (fakultativ)<br \/>\n<span class=\"wpcf7-form-control-wrap\" data-name=\"your-message\"><textarea cols=\"40\" rows=\"10\" maxlength=\"2000\" class=\"wpcf7-form-control wpcf7-textarea\" aria-invalid=\"false\" name=\"your-message\"><\/textarea><\/span> <\/label><br \/>\n<span class=\"wpcf7-form-control-wrap\" data-name=\"acceptance-325\"><span class=\"wpcf7-form-control wpcf7-acceptance optional\"><span class=\"wpcf7-list-item\"><label><input type=\"checkbox\" name=\"acceptance-325\" value=\"1\" aria-invalid=\"false\" \/><span class=\"wpcf7-list-item-label\">Ich bin mit den Datenschutzbestimmungen einverstanden<\/span><\/label><\/span><\/span><\/span><br \/>\n<input class=\"wpcf7-form-control wpcf7-submit has-spinner\" type=\"submit\" value=\"Versand\" \/>\n<\/p><div class=\"wpcf7-response-output\" aria-hidden=\"true\"><\/div>\n<input type=\"hidden\" name=\"trp-form-language\" value=\"de\"\/><\/form>\n<\/div>\n\n\n\n\n<\/div>\n\n\n\n<div style=\"background: linear-gradient(135deg, #2a2a2a 0%, #1a1a1a 100%); border-radius: 10px; padding: 25px; margin: 30px 0; border: 1px solid #333;\">\n\n<h4 style=\"color: #d4af37; margin: 0 0 15px 0; display: flex; align-items: center; gap: 10px;\">\n<span style=\"font-size: 1.2em;\">\u23f1\ufe0f<\/span> Erwartete Antwortzeit\n<\/h4>\n\n<div style=\"display: grid; grid-template-columns: repeat(auto-fit, minmax(200px, 1fr)); gap: 15px;\">\n\n<div style=\"background: #1a1a1a; border-radius: 8px; padding: 15px; text-align: center;\">\n<p style=\"color: #d4af37; margin: 0 0 5px 0; font-size: 1.4em; font-weight: 600;\">24-48u<\/p>\n<p style=\"color: #999; margin: 0; font-size: 0.85em;\">Allgemeine Fragen<\/p>\n<\/div>\n\n<div style=\"background: #1a1a1a; border-radius: 8px; padding: 15px; text-align: center;\">\n<p style=\"color: #d4af37; margin: 0 0 5px 0; font-size: 1.4em; font-weight: 600;\">0-12u<\/p>\n<p style=\"color: #999; margin: 0; font-size: 0.85em;\">Dringende Benachrichtigungen<\/p>\n<\/div>\n\n<div style=\"background: #1a1a1a; border-radius: 8px; padding: 15px; text-align: center;\">\n<p style=\"color: #d4af37; margin: 0 0 5px 0; font-size: 1.4em; font-weight: 600;\">72u<\/p>\n<p style=\"color: #999; margin: 0; font-size: 0.85em;\">Anfragen zum Datenschutz<\/p>\n<\/div>\n\n<\/div>\n\n<\/div>\n\n\n\n<div style=\"background: #1a1a1a; border-radius: 10px; padding: 25px; margin: 30px 0; border: 1px solid #333;\">\n\n<h4 style=\"color: #d4af37; margin: 0 0 15px 0;\">\ud83d\udd10 Ihre Daten sind bei uns sicher<\/h4>\n\n<p style=\"color: #ccc; margin: 0 0 15px 0; font-size: 0.95em;\">Die Informationen, die Sie Sugar Daddy Belgi\u00eb\u00fcber dieses Kontaktformular oder per E-Mail mitteilen, werden streng vertraulich behandelt. Ihre Daten werden auf sicheren Servern innerhalb der Europ\u00e4ischen Union gespeichert, in \u00dcbereinstimmung mit der General Data Protection Regulation (AVG).<\/p>\n\n<p style=\"color: #ccc; margin: 0 0 15px 0; font-size: 0.95em;\">Wir nutzen die folgenden Datenverarbeitungsdienstleister:<\/p>\n\n<ul style=\"color: #999; margin: 0 0 15px 0; padding-left: 20px; font-size: 0.9em;\">\n<li style=\"margin-bottom: 8px;\"><strong style=\"color: #fff;\">E-Mail-Dienste:<\/strong> Sichere E-Mail-Server f\u00fcr unsere Korrespondenz<\/li>\n<li style=\"margin-bottom: 8px;\"><strong style=\"color: #fff;\">Hosting:<\/strong> Europ\u00e4ische Datenzentren mit strengen Sicherheitsprotokollen<\/li>\n<li style=\"margin-bottom: 0;\"><strong style=\"color: #fff;\">Zahlungen:<\/strong> PCI-DSS-zertifizierte Zahlungsanbieter<\/li>\n<\/ul>\n\n<p style=\"color: #999; margin: 0; font-size: 0.9em;\">Weitere Informationen \u00fcber unsere Datenverarbeitung und Ihre Rechte finden Sie in unserer <a href=\"https:\/\/sugardaddybelgium.eu\/de\/datenschutzbestimmungen\/\" style=\"color: #d4af37;\">Erkl\u00e4rung zum Datenschutz<\/a>.<\/p>\n\n<\/div>\n\n\n\n<div style=\"background: linear-gradient(135deg, #1a1a1a 0%, #2d2d2d 100%); border: 1px solid #d4af37; border-radius: 10px; padding: 25px; margin: 30px 0;\">\n\n<h4 style=\"color: #d4af37; margin: 0 0 15px 0; text-align: center;\">\ud83d\udcda Vielleicht finden Sie hier bereits eine Antwort<\/h4>\n\n<div style=\"display: flex; flex-wrap: wrap; justify-content: center; gap: 12px;\">\n\n<a href=\"https:\/\/sugardaddybelgium.eu\/de\/help-center-haufig-gestellte-fragen\/\" style=\"display: inline-block; background: #2a2a2a; color: #ccc; padding: 10px 20px; border-radius: 20px; text-decoration: none; font-size: 0.9em; border: 1px solid #333; transition: all 0.3s ease;\">\u2753 H\u00e4ufig gestellte Fragen<\/a>\n\n<a href=\"https:\/\/sugardaddybelgium.eu\/de\/sicherheit-beim-online-dating\/\" style=\"display: inline-block; background: #2a2a2a; color: #ccc; padding: 10px 20px; border-radius: 20px; text-decoration: none; font-size: 0.9em; border: 1px solid #333; transition: all 0.3s ease;\">\ud83d\udee1\ufe0f Sicherheitstipps<\/a>\n\n<a href=\"https:\/\/sugardaddybelgium.eu\/de\/benutzungsbedingungen\/\" style=\"display: inline-block; background: #2a2a2a; color: #ccc; padding: 10px 20px; border-radius: 20px; text-decoration: none; font-size: 0.9em; border: 1px solid #333; transition: all 0.3s ease;\">\ud83d\udccb Nutzungsbedingungen<\/a>\n\n<a href=\"https:\/\/sugardaddybelgium.eu\/de\/datenschutzbestimmungen\/\" style=\"display: inline-block; background: #2a2a2a; color: #ccc; padding: 10px 20px; border-radius: 20px; text-decoration: none; font-size: 0.9em; border: 1px solid #333; transition: all 0.3s ease;\">\ud83d\udd12 Datenschutz<\/a>\n\n<\/div>\n\n<\/div>\n\n\n\n<div style=\"text-align: center; margin: 30px 0; padding: 20px;\">\n<p style=\"color: #666; margin: 0; font-size: 0.85em;\">\ud83c\udde7\ud83c\uddea Sugar Daddy Belgien - Ihre Diskretion und Sicherheit sind unsere Priorit\u00e4t<\/p>\n<\/div>","protected":false},"excerpt":{"rendered":"<p>Heeft u een vraag, opmerking of suggestie? Ons team staat voor u klaar. Vul onderstaand formulier in en wij nemen zo spoedig mogelijk contact met u op. \ud83d\udcac Algemene vragen Gebruik het onderstaande formulier voor al uw vragen over lidmaatschap, functies of het platform. \ud83d\udee1\ufe0f Veiligheid &#038; meldingen Verdacht gedrag melden? Stuur een e-mail naar &#8230; <a title=\"Kontakt &amp; Unterst\u00fctzung\" class=\"read-more\" href=\"https:\/\/sugardaddybelgium.eu\/de\/contacto\/\" aria-label=\"Mehr Informationen \u00fcber Contact &#038; ondersteuning\">Mehr lesen<\/a><\/p>","protected":false},"author":1,"featured_media":0,"parent":0,"menu_order":0,"comment_status":"closed","ping_status":"closed","template":"","meta":{"generate_page_header":"","footnotes":""},"class_list":["post-2080","page","type-page","status-publish"],"featured_image_urls_v2":{"full":"","thumbnail":"","medium":"","medium_large":"","large":"","1536x1536":"","2048x2048":"","trp-custom-language-flag":""},"post_excerpt_stackable_v2":"<p>Heeft u een vraag, opmerking of suggestie? Ons team staat voor u klaar. Vul onderstaand formulier in en wij nemen zo spoedig mogelijk contact met u op. \ud83d\udcac Algemene vragen Gebruik het onderstaande formulier voor al uw vragen over lidmaatschap, functies of het platform. \ud83d\udee1\ufe0f Veiligheid &#038; meldingen Verdacht gedrag melden? Stuur een e-mail naar meldingen@sugardaddybelgium.eu \ud83d\udd12 Privacyverzoeken AVG-verzoeken en gegevensbeheer via privacy@sugardaddybelgium.eu \ud83d\udcdd Stuur ons een bericht Naam E-mailadres Onderwerp Bericht (optioneel) Ik ga akkoord met het privacybeleid \u23f1\ufe0f Verwachte reactietijd 24-48u Algemene vragen 0-12u Urgente meldingen 72u Privacyverzoeken \ud83d\udd10 Uw gegevens zijn veilig bij ons De informatie die&hellip;<\/p>\n","category_list_v2":"","author_info_v2":{"name":"Administrator von SugarDaddyEspa\u00f1a","url":"https:\/\/sugardaddybelgium.eu\/de\/author\/poweb\/"},"comments_num_v2":"0 comments","yoast_head":"<!-- This site is optimized with the Yoast SEO Premium plugin v26.0 (Yoast SEO v27.3) - https:\/\/yoast.com\/product\/yoast-seo-premium-wordpress\/ -->\n<title>Contact &amp; ondersteuning<\/title>\n<meta name=\"robots\" content=\"noindex, follow\" \/>\n<meta property=\"og:locale\" content=\"de_DE\" \/>\n<meta property=\"og:type\" content=\"article\" \/>\n<meta property=\"og:title\" content=\"Contact &amp; ondersteuning\" \/>\n<meta property=\"og:description\" content=\"Heeft u een vraag, opmerking of suggestie? Ons team staat voor u klaar. Vul onderstaand formulier in en wij nemen zo spoedig mogelijk contact met u op. \ud83d\udcac\" \/>\n<meta property=\"og:url\" content=\"https:\/\/sugardaddybelgium.eu\/de\/contacto\/\" \/>\n<meta property=\"og:site_name\" content=\"Sugar Daddy Belgi\u00eb, red lider de contactos para sugar babys en Espa\u00f1a\" \/>\n<meta property=\"article:modified_time\" content=\"2026-01-06T09:51:56+00:00\" \/>\n<meta name=\"twitter:card\" content=\"summary_large_image\" \/>\n<meta name=\"twitter:site\" content=\"@EspanaSugar\" \/>\n<meta name=\"twitter:label1\" content=\"Gesch\u00e4tzte Lesezeit\" \/>\n\t<meta name=\"twitter:data1\" content=\"1\u00a0Minute\" \/>\n<script type=\"application\/ld+json\" class=\"yoast-schema-graph\">{\"@context\":\"https:\\\/\\\/schema.org\",\"@graph\":[{\"@type\":\"WebPage\",\"@id\":\"https:\\\/\\\/sugardaddybelgium.eu\\\/contacto\\\/\",\"url\":\"https:\\\/\\\/sugardaddybelgium.eu\\\/contacto\\\/\",\"name\":\"Contact & ondersteuning\",\"isPartOf\":{\"@id\":\"https:\\\/\\\/sugardaddybelgium.eu\\\/#website\"},\"datePublished\":\"2018-12-24T11:18:13+00:00\",\"dateModified\":\"2026-01-06T09:51:56+00:00\",\"breadcrumb\":{\"@id\":\"https:\\\/\\\/sugardaddybelgium.eu\\\/contacto\\\/#breadcrumb\"},\"inLanguage\":\"de\",\"potentialAction\":[{\"@type\":\"ReadAction\",\"target\":[\"https:\\\/\\\/sugardaddybelgium.eu\\\/contacto\\\/\"]}]},{\"@type\":\"BreadcrumbList\",\"@id\":\"https:\\\/\\\/sugardaddybelgium.eu\\\/contacto\\\/#breadcrumb\",\"itemListElement\":[{\"@type\":\"ListItem\",\"position\":1,\"name\":\"Inicio\",\"item\":\"https:\\\/\\\/sugardaddybelgium.eu\\\/\"},{\"@type\":\"ListItem\",\"position\":2,\"name\":\"Contact &#038; ondersteuning\"}]},{\"@type\":\"WebSite\",\"@id\":\"https:\\\/\\\/sugardaddybelgium.eu\\\/#website\",\"url\":\"https:\\\/\\\/sugardaddybelgium.eu\\\/\",\"name\":\"Sugar Daddy Belgi\u00eb, red lider de contactos para sugar babys en Espa\u00f1a\",\"description\":\"Aprende qu\u00e9 es un sugar daddy y consigue contactos con sugar babys.\",\"publisher\":{\"@id\":\"https:\\\/\\\/sugardaddybelgium.eu\\\/#organization\"},\"alternateName\":\"Sugar Daddy Belgi\u00eb powered by SugarDaddyPlanet\",\"potentialAction\":[{\"@type\":\"SearchAction\",\"target\":{\"@type\":\"EntryPoint\",\"urlTemplate\":\"https:\\\/\\\/sugardaddybelgium.eu\\\/?s={search_term_string}\"},\"query-input\":{\"@type\":\"PropertyValueSpecification\",\"valueRequired\":true,\"valueName\":\"search_term_string\"}}],\"inLanguage\":\"de\"},{\"@type\":[\"Organization\",\"DatingService\"],\"@id\":\"https:\\\/\\\/sugardaddybelgium.eu\\\/#organization\",\"name\":\"Sugar Daddy Belgi\u00eb\",\"url\":\"https:\\\/\\\/sugardaddybelgium.eu\\\/\",\"logo\":{\"@type\":\"ImageObject\",\"inLanguage\":\"de\",\"@id\":\"https:\\\/\\\/sugardaddybelgium.eu\\\/#\\\/schema\\\/logo\\\/image\\\/\",\"url\":\"https:\\\/\\\/sugardaddybelgium.eu\\\/wp-content\\\/uploads\\\/2024\\\/10\\\/sugardaddyespanalogo2.jpg\",\"contentUrl\":\"https:\\\/\\\/sugardaddybelgium.eu\\\/wp-content\\\/uploads\\\/2024\\\/10\\\/sugardaddyespanalogo2.jpg\",\"width\":241,\"height\":250,\"caption\":\"Sugar Daddy Belgi\u00eb\"},\"image\":{\"@id\":\"https:\\\/\\\/sugardaddybelgium.eu\\\/#\\\/schema\\\/logo\\\/image\\\/\"},\"sameAs\":[\"https:\\\/\\\/x.com\\\/EspanaSugar\",\"https:\\\/\\\/www.youtube.com\\\/@sugardaddyespana5589\"],\"serviceType\":\"Dating Service\",\"category\":\"Dating\",\"publishingPrinciples\":\"https:\\\/\\\/sugardaddybelgium.eu\\\/publicatieprincipes\\\/\",\"ownershipFundingInfo\":\"https:\\\/\\\/sugardaddybelgium.eu\\\/eigendomsinformatie-en-financiering\\\/\",\"actionableFeedbackPolicy\":\"https:\\\/\\\/sugardaddybelgium.eu\\\/beleid-actieve-respons\\\/\",\"correctionsPolicy\":\"https:\\\/\\\/sugardaddybelgium.eu\\\/correctiebeleid\\\/\",\"ethicsPolicy\":\"https:\\\/\\\/sugardaddybelgium.eu\\\/ethisch-beleid\\\/\",\"diversityPolicy\":\"https:\\\/\\\/sugardaddybelgium.eu\\\/diversiteitsbeleid\\\/\",\"diversityStaffingReport\":\"https:\\\/\\\/sugardaddybelgium.eu\\\/diversiteitsbeleid\\\/\"}]}<\/script>\n<!-- \/ Yoast SEO Premium plugin. -->","yoast_head_json":{"title":"Kontakt &amp; Unterst\u00fctzung","robots":{"index":"noindex","follow":"follow"},"og_locale":"de_DE","og_type":"article","og_title":"Contact & ondersteuning","og_description":"Heeft u een vraag, opmerking of suggestie? Ons team staat voor u klaar. Vul onderstaand formulier in en wij nemen zo spoedig mogelijk contact met u op. \ud83d\udcac","og_url":"https:\/\/sugardaddybelgium.eu\/de\/contacto\/","og_site_name":"Sugar Daddy Belgi\u00eb, red lider de contactos para sugar babys en Espa\u00f1a","article_modified_time":"2026-01-06T09:51:56+00:00","twitter_card":"summary_large_image","twitter_site":"@EspanaSugar","twitter_misc":{"Gesch\u00e4tzte Lesezeit":"1\u00a0Minute"},"schema":{"@context":"https:\/\/schema.org","@graph":[{"@type":"WebPage","@id":"https:\/\/sugardaddybelgium.eu\/contacto\/","url":"https:\/\/sugardaddybelgium.eu\/contacto\/","name":"Kontakt &amp; Unterst\u00fctzung","isPartOf":{"@id":"https:\/\/sugardaddybelgium.eu\/#website"},"datePublished":"2018-12-24T11:18:13+00:00","dateModified":"2026-01-06T09:51:56+00:00","breadcrumb":{"@id":"https:\/\/sugardaddybelgium.eu\/contacto\/#breadcrumb"},"inLanguage":"de","potentialAction":[{"@type":"ReadAction","target":["https:\/\/sugardaddybelgium.eu\/contacto\/"]}]},{"@type":"BreadcrumbList","@id":"https:\/\/sugardaddybelgium.eu\/contacto\/#breadcrumb","itemListElement":[{"@type":"ListItem","position":1,"name":"Inicio","item":"https:\/\/sugardaddybelgium.eu\/"},{"@type":"ListItem","position":2,"name":"Contact &#038; ondersteuning"}]},{"@type":"WebSite","@id":"https:\/\/sugardaddybelgium.eu\/#website","url":"https:\/\/sugardaddybelgium.eu\/","name":"Sugar Daddy Belgi\u00eb, red lider de contactos para sugar babys en Espa\u00f1a","description":"Aprende qu\u00e9 es un sugar daddy y consigue contactos con sugar babys.","publisher":{"@id":"https:\/\/sugardaddybelgium.eu\/#organization"},"alternateName":"Sugar Daddy Belgi\u00eb powered by SugarDaddyPlanet","potentialAction":[{"@type":"SearchAction","target":{"@type":"EntryPoint","urlTemplate":"https:\/\/sugardaddybelgium.eu\/?s={search_term_string}"},"query-input":{"@type":"PropertyValueSpecification","valueRequired":true,"valueName":"search_term_string"}}],"inLanguage":"de"},{"@type":["Organization","DatingService"],"@id":"https:\/\/sugardaddybelgium.eu\/#organization","name":"Sugar Daddy Belgien","url":"https:\/\/sugardaddybelgium.eu\/","logo":{"@type":"ImageObject","inLanguage":"de","@id":"https:\/\/sugardaddybelgium.eu\/#\/schema\/logo\/image\/","url":"https:\/\/sugardaddybelgium.eu\/wp-content\/uploads\/2024\/10\/sugardaddyespanalogo2.jpg","contentUrl":"https:\/\/sugardaddybelgium.eu\/wp-content\/uploads\/2024\/10\/sugardaddyespanalogo2.jpg","width":241,"height":250,"caption":"Sugar Daddy Belgi\u00eb"},"image":{"@id":"https:\/\/sugardaddybelgium.eu\/#\/schema\/logo\/image\/"},"sameAs":["https:\/\/x.com\/EspanaSugar","https:\/\/www.youtube.com\/@sugardaddyespana5589"],"serviceType":"Dating Service","category":"Dating","publishingPrinciples":"https:\/\/sugardaddybelgium.eu\/publicatieprincipes\/","ownershipFundingInfo":"https:\/\/sugardaddybelgium.eu\/eigendomsinformatie-en-financiering\/","actionableFeedbackPolicy":"https:\/\/sugardaddybelgium.eu\/beleid-actieve-respons\/","correctionsPolicy":"https:\/\/sugardaddybelgium.eu\/correctiebeleid\/","ethicsPolicy":"https:\/\/sugardaddybelgium.eu\/ethisch-beleid\/","diversityPolicy":"https:\/\/sugardaddybelgium.eu\/diversiteitsbeleid\/","diversityStaffingReport":"https:\/\/sugardaddybelgium.eu\/diversiteitsbeleid\/"}]}},"_links":{"self":[{"href":"https:\/\/sugardaddybelgium.eu\/de\/wp-json\/wp\/v2\/pages\/2080","targetHints":{"allow":["GET"]}}],"collection":[{"href":"https:\/\/sugardaddybelgium.eu\/de\/wp-json\/wp\/v2\/pages"}],"about":[{"href":"https:\/\/sugardaddybelgium.eu\/de\/wp-json\/wp\/v2\/types\/page"}],"author":[{"embeddable":true,"href":"https:\/\/sugardaddybelgium.eu\/de\/wp-json\/wp\/v2\/users\/1"}],"replies":[{"embeddable":true,"href":"https:\/\/sugardaddybelgium.eu\/de\/wp-json\/wp\/v2\/comments?post=2080"}],"version-history":[{"count":0,"href":"https:\/\/sugardaddybelgium.eu\/de\/wp-json\/wp\/v2\/pages\/2080\/revisions"}],"wp:attachment":[{"href":"https:\/\/sugardaddybelgium.eu\/de\/wp-json\/wp\/v2\/media?parent=2080"}],"curies":[{"name":"wp","href":"https:\/\/api.w.org\/{rel}","templated":true}]}}