{"id":595,"date":"2018-08-07T15:53:43","date_gmt":"2018-08-07T15:53:43","guid":{"rendered":"https:\/\/sugardaddybelgium.eu\/?page_id=595"},"modified":"2026-01-06T16:02:30","modified_gmt":"2026-01-06T15:02:30","slug":"blog","status":"publish","type":"page","link":"https:\/\/sugardaddybelgium.eu\/de\/blog\/","title":{"rendered":"Blog"},"content":{"rendered":"<h1 class=\"wp-block-heading has-text-align-center\" id=\"h-welkom-op-de-blog-van-sugardaddybelgium-eu\" style=\"font-size:25px\">Willkommen auf dem Blog von SugarDaddyBelgium.eu<\/h1>\n\n\n\n<p class=\"has-text-align-center\">Hier finden Sie viele n\u00fctzliche Informationen \u00fcber Sugar Dating. Wenn Sie neu hier sind, sollten Sie zun\u00e4chst die folgenden Begriffe kennen:<\/p>\n\n\n\n<div class=\"wp-block-group\"><div class=\"wp-block-group__inner-container is-layout-flow wp-block-group-is-layout-flow\">\n<div class=\"wp-block-buttons is-content-justification-center is-layout-flex wp-container-core-buttons-is-layout-16018d1d wp-block-buttons-is-layout-flex\">\n<div class=\"wp-block-button is-style-outline is-style-outline--1\"><a class=\"wp-block-button__link has-base-3-background-color has-text-color has-background wp-element-button\" href=\"https:\/\/sugardaddybelgium.eu\/de\/#wat_is_sugardaddy\" style=\"color:#6e5400\">Was ist ein Sugar Daddy?<\/a><\/div>\n\n\n\n<div class=\"wp-block-button is-style-outline is-style-outline--2\"><a class=\"wp-block-button__link has-base-3-background-color has-text-color has-background wp-element-button\" href=\"https:\/\/sugardaddybelgium.eu\/de\/#wat_is_sugar_baby\" style=\"color:#6e5400\">Was ist ein Sugar Baby<\/a><\/div>\n\n\n\n<div class=\"wp-block-button is-style-outline is-style-outline--3\"><a class=\"wp-block-button__link has-base-3-background-color has-text-color has-background wp-element-button\" href=\"https:\/\/sugardaddybelgium.eu\/de\/#faqs\" style=\"color:#6e5400\">H\u00e4ufig gestellte Fragen<\/a><\/div>\n<\/div>\n<\/div><\/div>\n\n\n\n<p>Wenn Sie das alles schon wissen, lesen Sie weiter oder erstellen Sie ein Profil und erfahren Sie alles \u00fcber die Welt des Sugar-Dating. Tipps, Erfahrungen und vieles mehr.<\/p>\n\n\n\n<div class=\"wp-block-ugb-blog-posts ugb-blog-posts ugb-5c495c2 ugb-blog-posts--v2 ugb-blog-posts--design-basic ugb-blog-posts--columns-3 ugb-main-block\"><style>.ugb-5c495c2 .ugb-blog-posts__featured-image img{height:300px !important}<\/style><div class=\"ugb-inner-block\"><div class=\"ugb-block-content\"><article class=\"ugb-blog-posts__item\"><div class=\"ugb-blog-posts__content\"><figure class=\"ugb-blog-posts__featured-image ugb--shadow-3\"><a href=\"https:\/\/sugardaddybelgium.eu\/de\/sugar-dating-in-brussel-praktische-gids-voor-authentieke-connecties\/\"><img decoding=\"async\" width=\"375\" height=\"500\" src=\"https:\/\/sugardaddybelgium.eu\/wp-content\/uploads\/2026\/01\/imagen-1-3-375x500.avif\" class=\"attachment-large size-large wp-post-image\" alt=\"Br\u00fcsseler Terrasse mit europ\u00e4ischem Viertel im Hintergrund f\u00fcr Sugar-Dating-Treffen\" \/><\/a><\/figure><h3 class=\"ugb-blog-posts__title\"><a href=\"https:\/\/sugardaddybelgium.eu\/de\/sugar-dating-in-brussel-praktische-gids-voor-authentieke-connecties\/\">Sugar Dating in Br\u00fcssel: Praktischer Leitfaden f\u00fcr authentische Beziehungen<\/a><\/h3><div class=\"ugb-blog-posts__excerpt\"><p>Sind Sie in Br\u00fcssel auf der Suche nach einer Sugar-Dating-Beziehung, die \u00fcber oberfl\u00e4chliche Begegnungen hinausgeht? In unserer Hauptstadt mit ihrer einzigartigen Mischung aus internationalem Charme und belgischer Diskretion erfordert dies eine andere Herangehensweise als in...<\/div><p class=\"ugb-blog-posts__readmore\"><a href=\"https:\/\/sugardaddybelgium.eu\/de\/sugar-dating-in-brussel-praktische-gids-voor-authentieke-connecties\/\">Mehr lesen<\/a><\/p><\/div><\/article><article class=\"ugb-blog-posts__item\"><div class=\"ugb-blog-posts__content\"><figure class=\"ugb-blog-posts__featured-image ugb--shadow-3\"><a href=\"https:\/\/sugardaddybelgium.eu\/de\/hoe-vind-je-een-sugar-daddy-in-belgie-praktische-gids\/\"><img decoding=\"async\" width=\"375\" height=\"500\" src=\"https:\/\/sugardaddybelgium.eu\/wp-content\/uploads\/2026\/01\/imagen-2-2-375x500.avif\" class=\"attachment-large size-large wp-post-image\" alt=\"Verifiziertes Profil auf der Sugar-Dating-Plattform\" \/><\/a><\/figure><h3 class=\"ugb-blog-posts__title\"><a href=\"https:\/\/sugardaddybelgium.eu\/de\/hoe-vind-je-een-sugar-daddy-in-belgie-praktische-gids\/\">Wie finde ich einen Sugar Daddy in Belgien?<\/a><\/h3><div class=\"ugb-blog-posts__excerpt\"><p>Sie suchen einen Sugar Daddy, wissen aber nicht, wo Sie anfangen sollen? Da sind Sie nicht der Einzige. Immer mehr Menschen in Flandern und Br\u00fcssel ziehen Sugar-Dating in Betracht, aber die Frage bleibt: Wie kann man...<\/div><p class=\"ugb-blog-posts__readmore\"><a href=\"https:\/\/sugardaddybelgium.eu\/de\/hoe-vind-je-een-sugar-daddy-in-belgie-praktische-gids\/\">Mehr lesen<\/a><\/p><\/div><\/article><article class=\"ugb-blog-posts__item\"><div class=\"ugb-blog-posts__content\"><figure class=\"ugb-blog-posts__featured-image ugb--shadow-3\"><a href=\"https:\/\/sugardaddybelgium.eu\/de\/is-sugar-dating-legaal-in-belgie-alles-wat-je-moet-weten-over-de-wet\/\"><img decoding=\"async\" width=\"375\" height=\"500\" src=\"https:\/\/sugardaddybelgium.eu\/wp-content\/uploads\/2026\/01\/imagen-2-4-375x500.avif\" class=\"attachment-large size-large wp-post-image\" alt=\"Rechtliche Aspekte von Sugar Dating in Belgien\" \/><\/a><\/figure><h3 class=\"ugb-blog-posts__title\"><a href=\"https:\/\/sugardaddybelgium.eu\/de\/is-sugar-dating-legaal-in-belgie-alles-wat-je-moet-weten-over-de-wet\/\">Ist Sugar Dating in Belgien legal? Alles, was Sie \u00fcber das Gesetz wissen m\u00fcssen<\/a><\/h3><div class=\"ugb-blog-posts__excerpt\"><p>Ist Sugar Dating in Belgien legal? Diese Frage taucht immer h\u00e4ufiger auf, vor allem jetzt, wo diese Form der Partnersuche \u00fcber Apps und Websites immer zug\u00e4nglicher wird. Die kurze Antwort: Ja, Sugar Dating ist legal, solange es zwischen...<\/div><p class=\"ugb-blog-posts__readmore\"><a href=\"https:\/\/sugardaddybelgium.eu\/de\/is-sugar-dating-legaal-in-belgie-alles-wat-je-moet-weten-over-de-wet\/\">Mehr lesen<\/a><\/p><\/div><\/article><article class=\"ugb-blog-posts__item\"><div class=\"ugb-blog-posts__content\"><figure class=\"ugb-blog-posts__featured-image ugb--shadow-3\"><a href=\"https:\/\/sugardaddybelgium.eu\/de\/sugar-dating-met-kerst-hoe-navigeer-je-de-feestdagen-met-stijl\/\"><img decoding=\"async\" width=\"375\" height=\"500\" src=\"https:\/\/sugardaddybelgium.eu\/wp-content\/uploads\/2026\/01\/imagen-3-375x500.avif\" class=\"attachment-large size-large wp-post-image\" alt=\"Frau denkt \u00fcber Urlaubsplanung und Beziehungen nach\" \/><\/a><\/figure><h3 class=\"ugb-blog-posts__title\"><a href=\"https:\/\/sugardaddybelgium.eu\/de\/sugar-dating-met-kerst-hoe-navigeer-je-de-feestdagen-met-stijl\/\">Sugar-Dating an Weihnachten: Wie man die Feiertage mit Stil \u00fcbersteht<\/a><\/h3><div class=\"ugb-blog-posts__excerpt\"><p>Wie kann man Sugar Dating und die Weihnachtszeit miteinander verbinden, ohne dass es in Stress oder Unbehagen ausartet? Diese Frage besch\u00e4ftigt viele Menschen, wenn der Dezember naht. Die Feiertage bringen besondere Herausforderungen mit sich: Familienbesuche, Erwartungen an...<\/div><p class=\"ugb-blog-posts__readmore\"><a href=\"https:\/\/sugardaddybelgium.eu\/de\/sugar-dating-met-kerst-hoe-navigeer-je-de-feestdagen-met-stijl\/\">Mehr lesen<\/a><\/p><\/div><\/article><\/div><\/div><\/div>\n\n\n\n<p><\/p>\n\n\n\n<p class=\"has-text-align-center\"><strong>Weitere Informationen: <a href=\"https:\/\/sugardaddybelgium.eu\/de\/\">Sugar Daddy Hauptseite<\/a><\/strong><\/p>","protected":false},"excerpt":{"rendered":"<p>Welkom op de blog van SugarDaddyBelgium.eu Hier vind je veel nuttige informatie over sugar dating. Als je hier nieuw bent, moet je eerst de volgende begrippen kennen: Als je dit allemaal al weet, lees dan verder of maak een profiel aan en leer alles over de wereld van sugar dating. Tips, ervaringen en nog veel &#8230; <a title=\"Blog\" class=\"read-more\" href=\"https:\/\/sugardaddybelgium.eu\/de\/blog\/\" aria-label=\"Mehr Informationen \u00fcber Blog\">Mehr lesen<\/a><\/p>","protected":false},"author":1,"featured_media":0,"parent":0,"menu_order":0,"comment_status":"closed","ping_status":"closed","template":"","meta":{"generate_page_header":"","footnotes":""},"class_list":["post-595","page","type-page","status-publish"],"featured_image_urls_v2":{"full":"","thumbnail":"","medium":"","medium_large":"","large":"","1536x1536":"","2048x2048":"","trp-custom-language-flag":""},"post_excerpt_stackable_v2":"<p>Welkom op de blog van SugarDaddyBelgium.eu Hier vind je veel nuttige informatie over sugar dating. Als je hier nieuw bent, moet je eerst de volgende begrippen kennen: Wat is een Sugar Daddy Wat is een Sugar Baby Veelgestelde vragen Als je dit allemaal al weet, lees dan verder of maak een profiel aan en leer alles over de wereld van sugar dating. Tips, ervaringen en nog veel meer. Sugar dating in Brussel: praktische gids voor authentieke connectiesZoek je in Brussel naar een sugar dating relatie die verder gaat dan oppervlakkige ontmoetingen? In onze hoofdstad, met haar unieke mix van internationale&hellip;<\/p>\n","category_list_v2":"","author_info_v2":{"name":"Administrator von SugarDaddyEspa\u00f1a","url":"https:\/\/sugardaddybelgium.eu\/de\/author\/poweb\/"},"comments_num_v2":"0 comments","yoast_head":"<!-- This site is optimized with the Yoast SEO Premium plugin v26.0 (Yoast SEO v27.3) - https:\/\/yoast.com\/product\/yoast-seo-premium-wordpress\/ -->\n<title>Blog de la web Sugar Daddy Belgi\u00eb con art\u00edculos relacionados<\/title>\n<meta name=\"description\" content=\"Blog de la web sugardaddybelgium.eu con art\u00edculos relacionados con el Sugar Dating. Blog para ampliar informaci\u00f3n.\" \/>\n<meta name=\"robots\" content=\"index, follow, max-snippet:-1, max-image-preview:large, max-video-preview:-1\" \/>\n<link rel=\"canonical\" href=\"https:\/\/sugardaddybelgium.eu\/de\/blog\/\" \/>\n<meta property=\"og:locale\" content=\"de_DE\" \/>\n<meta property=\"og:type\" content=\"article\" \/>\n<meta property=\"og:title\" content=\"Blog\" \/>\n<meta property=\"og:description\" content=\"Welkom op de blog van SugarDaddyBelgium.eu Hier vind je veel nuttige informatie over sugar dating. Als je hier nieuw bent, moet je eerst de volgende\" \/>\n<meta property=\"og:url\" content=\"https:\/\/sugardaddybelgium.eu\/de\/blog\/\" \/>\n<meta property=\"og:site_name\" content=\"Sugar Daddy Belgi\u00eb, red lider de contactos para sugar babys en Espa\u00f1a\" \/>\n<meta property=\"article:modified_time\" content=\"2026-01-06T15:02:30+00:00\" \/>\n<meta name=\"twitter:card\" content=\"summary_large_image\" \/>\n<meta name=\"twitter:site\" content=\"@EspanaSugar\" \/>\n<meta name=\"twitter:label1\" content=\"Gesch\u00e4tzte Lesezeit\" \/>\n\t<meta name=\"twitter:data1\" content=\"1\u00a0Minute\" \/>\n<script type=\"application\/ld+json\" class=\"yoast-schema-graph\">{\"@context\":\"https:\\\/\\\/schema.org\",\"@graph\":[{\"@type\":\"WebPage\",\"@id\":\"https:\\\/\\\/sugardaddybelgium.eu\\\/blog\\\/\",\"url\":\"https:\\\/\\\/sugardaddybelgium.eu\\\/blog\\\/\",\"name\":\"Blog de la web Sugar Daddy Belgi\u00eb con art\u00edculos relacionados\",\"isPartOf\":{\"@id\":\"https:\\\/\\\/sugardaddybelgium.eu\\\/#website\"},\"datePublished\":\"2018-08-07T15:53:43+00:00\",\"dateModified\":\"2026-01-06T15:02:30+00:00\",\"description\":\"Blog de la web sugardaddybelgium.eu con art\u00edculos relacionados con el Sugar Dating. Blog para ampliar informaci\u00f3n.\",\"breadcrumb\":{\"@id\":\"https:\\\/\\\/sugardaddybelgium.eu\\\/blog\\\/#breadcrumb\"},\"inLanguage\":\"de\",\"potentialAction\":[{\"@type\":\"ReadAction\",\"target\":[\"https:\\\/\\\/sugardaddybelgium.eu\\\/blog\\\/\"]}]},{\"@type\":\"BreadcrumbList\",\"@id\":\"https:\\\/\\\/sugardaddybelgium.eu\\\/blog\\\/#breadcrumb\",\"itemListElement\":[{\"@type\":\"ListItem\",\"position\":1,\"name\":\"Inicio\",\"item\":\"https:\\\/\\\/sugardaddybelgium.eu\\\/\"},{\"@type\":\"ListItem\",\"position\":2,\"name\":\"Blog\"}]},{\"@type\":\"WebSite\",\"@id\":\"https:\\\/\\\/sugardaddybelgium.eu\\\/#website\",\"url\":\"https:\\\/\\\/sugardaddybelgium.eu\\\/\",\"name\":\"Sugar Daddy Belgi\u00eb, red lider de contactos para sugar babys en Espa\u00f1a\",\"description\":\"Aprende qu\u00e9 es un sugar daddy y consigue contactos con sugar babys.\",\"publisher\":{\"@id\":\"https:\\\/\\\/sugardaddybelgium.eu\\\/#organization\"},\"alternateName\":\"Sugar Daddy Belgi\u00eb powered by SugarDaddyPlanet\",\"potentialAction\":[{\"@type\":\"SearchAction\",\"target\":{\"@type\":\"EntryPoint\",\"urlTemplate\":\"https:\\\/\\\/sugardaddybelgium.eu\\\/?s={search_term_string}\"},\"query-input\":{\"@type\":\"PropertyValueSpecification\",\"valueRequired\":true,\"valueName\":\"search_term_string\"}}],\"inLanguage\":\"de\"},{\"@type\":[\"Organization\",\"DatingService\"],\"@id\":\"https:\\\/\\\/sugardaddybelgium.eu\\\/#organization\",\"name\":\"Sugar Daddy Belgi\u00eb\",\"url\":\"https:\\\/\\\/sugardaddybelgium.eu\\\/\",\"logo\":{\"@type\":\"ImageObject\",\"inLanguage\":\"de\",\"@id\":\"https:\\\/\\\/sugardaddybelgium.eu\\\/#\\\/schema\\\/logo\\\/image\\\/\",\"url\":\"https:\\\/\\\/sugardaddybelgium.eu\\\/wp-content\\\/uploads\\\/2024\\\/10\\\/sugardaddyespanalogo2.jpg\",\"contentUrl\":\"https:\\\/\\\/sugardaddybelgium.eu\\\/wp-content\\\/uploads\\\/2024\\\/10\\\/sugardaddyespanalogo2.jpg\",\"width\":241,\"height\":250,\"caption\":\"Sugar Daddy Belgi\u00eb\"},\"image\":{\"@id\":\"https:\\\/\\\/sugardaddybelgium.eu\\\/#\\\/schema\\\/logo\\\/image\\\/\"},\"sameAs\":[\"https:\\\/\\\/x.com\\\/EspanaSugar\",\"https:\\\/\\\/www.youtube.com\\\/@sugardaddyespana5589\"],\"serviceType\":\"Dating Service\",\"category\":\"Dating\",\"publishingPrinciples\":\"https:\\\/\\\/sugardaddybelgium.eu\\\/publicatieprincipes\\\/\",\"ownershipFundingInfo\":\"https:\\\/\\\/sugardaddybelgium.eu\\\/eigendomsinformatie-en-financiering\\\/\",\"actionableFeedbackPolicy\":\"https:\\\/\\\/sugardaddybelgium.eu\\\/beleid-actieve-respons\\\/\",\"correctionsPolicy\":\"https:\\\/\\\/sugardaddybelgium.eu\\\/correctiebeleid\\\/\",\"ethicsPolicy\":\"https:\\\/\\\/sugardaddybelgium.eu\\\/ethisch-beleid\\\/\",\"diversityPolicy\":\"https:\\\/\\\/sugardaddybelgium.eu\\\/diversiteitsbeleid\\\/\",\"diversityStaffingReport\":\"https:\\\/\\\/sugardaddybelgium.eu\\\/diversiteitsbeleid\\\/\"}]}<\/script>\n<!-- \/ Yoast SEO Premium plugin. -->","yoast_head_json":{"title":"Blog de la web Sugar Daddy Belgi\u00eb mit verwandten Artikeln","description":"Blog de la web sugardaddybelgium.eu mit Artikeln zum Thema Sugar Dating. Blog zur Erweiterung der Informationen.","robots":{"index":"index","follow":"follow","max-snippet":"max-snippet:-1","max-image-preview":"max-image-preview:large","max-video-preview":"max-video-preview:-1"},"canonical":"https:\/\/sugardaddybelgium.eu\/de\/blog\/","og_locale":"de_DE","og_type":"article","og_title":"Blog","og_description":"Welkom op de blog van SugarDaddyBelgium.eu Hier vind je veel nuttige informatie over sugar dating. Als je hier nieuw bent, moet je eerst de volgende","og_url":"https:\/\/sugardaddybelgium.eu\/de\/blog\/","og_site_name":"Sugar Daddy Belgi\u00eb, red lider de contactos para sugar babys en Espa\u00f1a","article_modified_time":"2026-01-06T15:02:30+00:00","twitter_card":"summary_large_image","twitter_site":"@EspanaSugar","twitter_misc":{"Gesch\u00e4tzte Lesezeit":"1\u00a0Minute"},"schema":{"@context":"https:\/\/schema.org","@graph":[{"@type":"WebPage","@id":"https:\/\/sugardaddybelgium.eu\/blog\/","url":"https:\/\/sugardaddybelgium.eu\/blog\/","name":"Blog de la web Sugar Daddy Belgi\u00eb mit verwandten Artikeln","isPartOf":{"@id":"https:\/\/sugardaddybelgium.eu\/#website"},"datePublished":"2018-08-07T15:53:43+00:00","dateModified":"2026-01-06T15:02:30+00:00","description":"Blog de la web sugardaddybelgium.eu mit Artikeln zum Thema Sugar Dating. Blog zur Erweiterung der Informationen.","breadcrumb":{"@id":"https:\/\/sugardaddybelgium.eu\/blog\/#breadcrumb"},"inLanguage":"de","potentialAction":[{"@type":"ReadAction","target":["https:\/\/sugardaddybelgium.eu\/blog\/"]}]},{"@type":"BreadcrumbList","@id":"https:\/\/sugardaddybelgium.eu\/blog\/#breadcrumb","itemListElement":[{"@type":"ListItem","position":1,"name":"Inicio","item":"https:\/\/sugardaddybelgium.eu\/"},{"@type":"ListItem","position":2,"name":"Blog"}]},{"@type":"WebSite","@id":"https:\/\/sugardaddybelgium.eu\/#website","url":"https:\/\/sugardaddybelgium.eu\/","name":"Sugar Daddy Belgi\u00eb, red lider de contactos para sugar babys en Espa\u00f1a","description":"Aprende qu\u00e9 es un sugar daddy y consigue contactos con sugar babys.","publisher":{"@id":"https:\/\/sugardaddybelgium.eu\/#organization"},"alternateName":"Sugar Daddy Belgi\u00eb powered by SugarDaddyPlanet","potentialAction":[{"@type":"SearchAction","target":{"@type":"EntryPoint","urlTemplate":"https:\/\/sugardaddybelgium.eu\/?s={search_term_string}"},"query-input":{"@type":"PropertyValueSpecification","valueRequired":true,"valueName":"search_term_string"}}],"inLanguage":"de"},{"@type":["Organization","DatingService"],"@id":"https:\/\/sugardaddybelgium.eu\/#organization","name":"Sugar Daddy Belgien","url":"https:\/\/sugardaddybelgium.eu\/","logo":{"@type":"ImageObject","inLanguage":"de","@id":"https:\/\/sugardaddybelgium.eu\/#\/schema\/logo\/image\/","url":"https:\/\/sugardaddybelgium.eu\/wp-content\/uploads\/2024\/10\/sugardaddyespanalogo2.jpg","contentUrl":"https:\/\/sugardaddybelgium.eu\/wp-content\/uploads\/2024\/10\/sugardaddyespanalogo2.jpg","width":241,"height":250,"caption":"Sugar Daddy Belgi\u00eb"},"image":{"@id":"https:\/\/sugardaddybelgium.eu\/#\/schema\/logo\/image\/"},"sameAs":["https:\/\/x.com\/EspanaSugar","https:\/\/www.youtube.com\/@sugardaddyespana5589"],"serviceType":"Dating Service","category":"Dating","publishingPrinciples":"https:\/\/sugardaddybelgium.eu\/publicatieprincipes\/","ownershipFundingInfo":"https:\/\/sugardaddybelgium.eu\/eigendomsinformatie-en-financiering\/","actionableFeedbackPolicy":"https:\/\/sugardaddybelgium.eu\/beleid-actieve-respons\/","correctionsPolicy":"https:\/\/sugardaddybelgium.eu\/correctiebeleid\/","ethicsPolicy":"https:\/\/sugardaddybelgium.eu\/ethisch-beleid\/","diversityPolicy":"https:\/\/sugardaddybelgium.eu\/diversiteitsbeleid\/","diversityStaffingReport":"https:\/\/sugardaddybelgium.eu\/diversiteitsbeleid\/"}]}},"_links":{"self":[{"href":"https:\/\/sugardaddybelgium.eu\/de\/wp-json\/wp\/v2\/pages\/595","targetHints":{"allow":["GET"]}}],"collection":[{"href":"https:\/\/sugardaddybelgium.eu\/de\/wp-json\/wp\/v2\/pages"}],"about":[{"href":"https:\/\/sugardaddybelgium.eu\/de\/wp-json\/wp\/v2\/types\/page"}],"author":[{"embeddable":true,"href":"https:\/\/sugardaddybelgium.eu\/de\/wp-json\/wp\/v2\/users\/1"}],"replies":[{"embeddable":true,"href":"https:\/\/sugardaddybelgium.eu\/de\/wp-json\/wp\/v2\/comments?post=595"}],"version-history":[{"count":0,"href":"https:\/\/sugardaddybelgium.eu\/de\/wp-json\/wp\/v2\/pages\/595\/revisions"}],"wp:attachment":[{"href":"https:\/\/sugardaddybelgium.eu\/de\/wp-json\/wp\/v2\/media?parent=595"}],"curies":[{"name":"wp","href":"https:\/\/api.w.org\/{rel}","templated":true}]}}