{"id":595,"date":"2018-08-07T15:53:43","date_gmt":"2018-08-07T15:53:43","guid":{"rendered":"https:\/\/sugardaddybelgium.eu\/?page_id=595"},"modified":"2026-01-06T16:02:30","modified_gmt":"2026-01-06T15:02:30","slug":"blog","status":"publish","type":"page","link":"https:\/\/sugardaddybelgium.eu\/en\/blog\/","title":{"rendered":"Blog"},"content":{"rendered":"<h1 class=\"wp-block-heading has-text-align-center\" id=\"h-welkom-op-de-blog-van-sugardaddybelgium-eu\" style=\"font-size:25px\">Welcome to the SugarDaddyBelgium.eu blog<\/h1>\n\n\n\n<p class=\"has-text-align-center\">Here you will find a lot of useful information about sugar dating. If you are new here, you should first know the following terms:<\/p>\n\n\n\n<div class=\"wp-block-group\"><div class=\"wp-block-group__inner-container is-layout-flow wp-block-group-is-layout-flow\">\n<div class=\"wp-block-buttons is-content-justification-center is-layout-flex wp-container-core-buttons-is-layout-16018d1d wp-block-buttons-is-layout-flex\">\n<div class=\"wp-block-button is-style-outline is-style-outline--1\"><a class=\"wp-block-button__link has-base-3-background-color has-text-color has-background wp-element-button\" href=\"https:\/\/sugardaddybelgium.eu\/en\/#wat_is_sugardaddy\" style=\"color:#6e5400\">What is a Sugar Daddy<\/a><\/div>\n\n\n\n<div class=\"wp-block-button is-style-outline is-style-outline--2\"><a class=\"wp-block-button__link has-base-3-background-color has-text-color has-background wp-element-button\" href=\"https:\/\/sugardaddybelgium.eu\/en\/#wat_is_sugar_baby\" style=\"color:#6e5400\">What is a Sugar Baby<\/a><\/div>\n\n\n\n<div class=\"wp-block-button is-style-outline is-style-outline--3\"><a class=\"wp-block-button__link has-base-3-background-color has-text-color has-background wp-element-button\" href=\"https:\/\/sugardaddybelgium.eu\/en\/#faqs\" style=\"color:#6e5400\">Frequently asked questions<\/a><\/div>\n<\/div>\n<\/div><\/div>\n\n\n\n<p>If you already know all this, read on or create a profile and learn all about the world of sugar dating. Tips, experiences and much more.<\/p>\n\n\n\n<div class=\"wp-block-ugb-blog-posts ugb-blog-posts ugb-5c495c2 ugb-blog-posts--v2 ugb-blog-posts--design-basic ugb-blog-posts--columns-3 ugb-main-block\"><style>.ugb-5c495c2 .ugb-blog-posts__featured-image img{height:300px !important}<\/style><div class=\"ugb-inner-block\"><div class=\"ugb-block-content\"><article class=\"ugb-blog-posts__item\"><div class=\"ugb-blog-posts__content\"><figure class=\"ugb-blog-posts__featured-image ugb--shadow-3\"><a href=\"https:\/\/sugardaddybelgium.eu\/en\/sugar-dating-in-brussel-praktische-gids-voor-authentieke-connecties\/\"><img decoding=\"async\" width=\"375\" height=\"500\" src=\"https:\/\/sugardaddybelgium.eu\/wp-content\/uploads\/2026\/01\/imagen-1-3-375x500.avif\" class=\"attachment-large size-large wp-post-image\" alt=\"Brussels terrace with European district in background for sugar dating encounter\" \/><\/a><\/figure><h3 class=\"ugb-blog-posts__title\"><a href=\"https:\/\/sugardaddybelgium.eu\/en\/sugar-dating-in-brussel-praktische-gids-voor-authentieke-connecties\/\">Sugar dating in Brussels: practical guide to authentic connections<\/a><\/h3><div class=\"ugb-blog-posts__excerpt\"><p>In Brussels, are you looking for a sugar dating relationship that goes beyond superficial encounters? In our capital city, with its unique blend of international allure and Belgian discretion, this requires a different approach than where...<\/div><p class=\"ugb-blog-posts__readmore\"><a href=\"https:\/\/sugardaddybelgium.eu\/en\/sugar-dating-in-brussel-praktische-gids-voor-authentieke-connecties\/\">Read more<\/a><\/p><\/div><\/article><article class=\"ugb-blog-posts__item\"><div class=\"ugb-blog-posts__content\"><figure class=\"ugb-blog-posts__featured-image ugb--shadow-3\"><a href=\"https:\/\/sugardaddybelgium.eu\/en\/hoe-vind-je-een-sugar-daddy-in-belgie-praktische-gids\/\"><img decoding=\"async\" width=\"375\" height=\"500\" src=\"https:\/\/sugardaddybelgium.eu\/wp-content\/uploads\/2026\/01\/imagen-2-2-375x500.avif\" class=\"attachment-large size-large wp-post-image\" alt=\"Verified profile on sugar dating platform\" \/><\/a><\/figure><h3 class=\"ugb-blog-posts__title\"><a href=\"https:\/\/sugardaddybelgium.eu\/en\/hoe-vind-je-een-sugar-daddy-in-belgie-praktische-gids\/\">How to find a sugar daddy in Belgium?<\/a><\/h3><div class=\"ugb-blog-posts__excerpt\"><p>Looking for a sugar daddy but don't know where to start? You are not the only one. More and more people in Flanders and Brussels are considering sugar dating, but the question remains: how do you...<\/div><p class=\"ugb-blog-posts__readmore\"><a href=\"https:\/\/sugardaddybelgium.eu\/en\/hoe-vind-je-een-sugar-daddy-in-belgie-praktische-gids\/\">Read more<\/a><\/p><\/div><\/article><article class=\"ugb-blog-posts__item\"><div class=\"ugb-blog-posts__content\"><figure class=\"ugb-blog-posts__featured-image ugb--shadow-3\"><a href=\"https:\/\/sugardaddybelgium.eu\/en\/is-sugar-dating-legaal-in-belgie-alles-wat-je-moet-weten-over-de-wet\/\"><img decoding=\"async\" width=\"375\" height=\"500\" src=\"https:\/\/sugardaddybelgium.eu\/wp-content\/uploads\/2026\/01\/imagen-2-4-375x500.avif\" class=\"attachment-large size-large wp-post-image\" alt=\"Legal aspects of sugar dating in Belgium\" \/><\/a><\/figure><h3 class=\"ugb-blog-posts__title\"><a href=\"https:\/\/sugardaddybelgium.eu\/en\/is-sugar-dating-legaal-in-belgie-alles-wat-je-moet-weten-over-de-wet\/\">Is sugar dating legal in Belgium? Everything you need to know about the law<\/a><\/h3><div class=\"ugb-blog-posts__excerpt\"><p>Is sugar dating legal in Belgium? That question is popping up more and more, especially now that this form of dating via apps and sites is becoming more accessible. The short answer: yes, sugar dating is legal, as long as it is between...<\/div><p class=\"ugb-blog-posts__readmore\"><a href=\"https:\/\/sugardaddybelgium.eu\/en\/is-sugar-dating-legaal-in-belgie-alles-wat-je-moet-weten-over-de-wet\/\">Read more<\/a><\/p><\/div><\/article><article class=\"ugb-blog-posts__item\"><div class=\"ugb-blog-posts__content\"><figure class=\"ugb-blog-posts__featured-image ugb--shadow-3\"><a href=\"https:\/\/sugardaddybelgium.eu\/en\/sugar-dating-met-kerst-hoe-navigeer-je-de-feestdagen-met-stijl\/\"><img decoding=\"async\" width=\"375\" height=\"500\" src=\"https:\/\/sugardaddybelgium.eu\/wp-content\/uploads\/2026\/01\/imagen-3-375x500.avif\" class=\"attachment-large size-large wp-post-image\" alt=\"Woman reflecting on holiday planning and relationships\" \/><\/a><\/figure><h3 class=\"ugb-blog-posts__title\"><a href=\"https:\/\/sugardaddybelgium.eu\/en\/sugar-dating-met-kerst-hoe-navigeer-je-de-feestdagen-met-stijl\/\">Sugar dating at Christmas: how to navigate the holidays with style<\/a><\/h3><div class=\"ugb-blog-posts__excerpt\"><p>How do you bring sugar dating and the Christmas season together without it degenerating into stress or discomfort? That question preoccupies many people as December approaches. The holidays bring specific challenges: family visits, expectations around...<\/div><p class=\"ugb-blog-posts__readmore\"><a href=\"https:\/\/sugardaddybelgium.eu\/en\/sugar-dating-met-kerst-hoe-navigeer-je-de-feestdagen-met-stijl\/\">Read more<\/a><\/p><\/div><\/article><\/div><\/div><\/div>\n\n\n\n<p><\/p>\n\n\n\n<p class=\"has-text-align-center\"><strong>More information: <a href=\"https:\/\/sugardaddybelgium.eu\/en\/\">Sugar Daddy main page<\/a><\/strong><\/p>","protected":false},"excerpt":{"rendered":"<p>Welkom op de blog van SugarDaddyBelgium.eu Hier vind je veel nuttige informatie over sugar dating. Als je hier nieuw bent, moet je eerst de volgende begrippen kennen: Als je dit allemaal al weet, lees dan verder of maak een profiel aan en leer alles over de wereld van sugar dating. Tips, ervaringen en nog veel &#8230; <a title=\"Blog\" class=\"read-more\" href=\"https:\/\/sugardaddybelgium.eu\/en\/blog\/\" aria-label=\"Read more about Blog\">Read more<\/a><\/p>","protected":false},"author":1,"featured_media":0,"parent":0,"menu_order":0,"comment_status":"closed","ping_status":"closed","template":"","meta":{"generate_page_header":"","footnotes":""},"class_list":["post-595","page","type-page","status-publish"],"featured_image_urls_v2":{"full":"","thumbnail":"","medium":"","medium_large":"","large":"","1536x1536":"","2048x2048":"","trp-custom-language-flag":""},"post_excerpt_stackable_v2":"<p>Welkom op de blog van SugarDaddyBelgium.eu Hier vind je veel nuttige informatie over sugar dating. Als je hier nieuw bent, moet je eerst de volgende begrippen kennen: Wat is een Sugar Daddy Wat is een Sugar Baby Veelgestelde vragen Als je dit allemaal al weet, lees dan verder of maak een profiel aan en leer alles over de wereld van sugar dating. Tips, ervaringen en nog veel meer. Sugar dating in Brussel: praktische gids voor authentieke connectiesZoek je in Brussel naar een sugar dating relatie die verder gaat dan oppervlakkige ontmoetingen? In onze hoofdstad, met haar unieke mix van internationale&hellip;<\/p>\n","category_list_v2":"","author_info_v2":{"name":"Admin de SugarDaddyEspa\u00f1a","url":"https:\/\/sugardaddybelgium.eu\/en\/author\/poweb\/"},"comments_num_v2":"0 comments","yoast_head":"<!-- This site is optimized with the Yoast SEO Premium plugin v26.0 (Yoast SEO v27.3) - https:\/\/yoast.com\/product\/yoast-seo-premium-wordpress\/ -->\n<title>Blog de la web Sugar Daddy Belgi\u00eb con art\u00edculos relacionados<\/title>\n<meta name=\"description\" content=\"Blog de la web sugardaddybelgium.eu con art\u00edculos relacionados con el Sugar Dating. Blog para ampliar informaci\u00f3n.\" \/>\n<meta name=\"robots\" content=\"index, follow, max-snippet:-1, max-image-preview:large, max-video-preview:-1\" \/>\n<link rel=\"canonical\" href=\"https:\/\/sugardaddybelgium.eu\/en\/blog\/\" \/>\n<meta property=\"og:locale\" content=\"en_GB\" \/>\n<meta property=\"og:type\" content=\"article\" \/>\n<meta property=\"og:title\" content=\"Blog\" \/>\n<meta property=\"og:description\" content=\"Welkom op de blog van SugarDaddyBelgium.eu Hier vind je veel nuttige informatie over sugar dating. Als je hier nieuw bent, moet je eerst de volgende\" \/>\n<meta property=\"og:url\" content=\"https:\/\/sugardaddybelgium.eu\/en\/blog\/\" \/>\n<meta property=\"og:site_name\" content=\"Sugar Daddy Belgi\u00eb, red lider de contactos para sugar babys en Espa\u00f1a\" \/>\n<meta property=\"article:modified_time\" content=\"2026-01-06T15:02:30+00:00\" \/>\n<meta name=\"twitter:card\" content=\"summary_large_image\" \/>\n<meta name=\"twitter:site\" content=\"@EspanaSugar\" \/>\n<meta name=\"twitter:label1\" content=\"Estimated reading time\" \/>\n\t<meta name=\"twitter:data1\" content=\"1 minute\" \/>\n<script type=\"application\/ld+json\" class=\"yoast-schema-graph\">{\"@context\":\"https:\\\/\\\/schema.org\",\"@graph\":[{\"@type\":\"WebPage\",\"@id\":\"https:\\\/\\\/sugardaddybelgium.eu\\\/blog\\\/\",\"url\":\"https:\\\/\\\/sugardaddybelgium.eu\\\/blog\\\/\",\"name\":\"Blog de la web Sugar Daddy Belgi\u00eb con art\u00edculos relacionados\",\"isPartOf\":{\"@id\":\"https:\\\/\\\/sugardaddybelgium.eu\\\/#website\"},\"datePublished\":\"2018-08-07T15:53:43+00:00\",\"dateModified\":\"2026-01-06T15:02:30+00:00\",\"description\":\"Blog de la web sugardaddybelgium.eu con art\u00edculos relacionados con el Sugar Dating. Blog para ampliar informaci\u00f3n.\",\"breadcrumb\":{\"@id\":\"https:\\\/\\\/sugardaddybelgium.eu\\\/blog\\\/#breadcrumb\"},\"inLanguage\":\"en-GB\",\"potentialAction\":[{\"@type\":\"ReadAction\",\"target\":[\"https:\\\/\\\/sugardaddybelgium.eu\\\/blog\\\/\"]}]},{\"@type\":\"BreadcrumbList\",\"@id\":\"https:\\\/\\\/sugardaddybelgium.eu\\\/blog\\\/#breadcrumb\",\"itemListElement\":[{\"@type\":\"ListItem\",\"position\":1,\"name\":\"Inicio\",\"item\":\"https:\\\/\\\/sugardaddybelgium.eu\\\/\"},{\"@type\":\"ListItem\",\"position\":2,\"name\":\"Blog\"}]},{\"@type\":\"WebSite\",\"@id\":\"https:\\\/\\\/sugardaddybelgium.eu\\\/#website\",\"url\":\"https:\\\/\\\/sugardaddybelgium.eu\\\/\",\"name\":\"Sugar Daddy Belgi\u00eb, red lider de contactos para sugar babys en Espa\u00f1a\",\"description\":\"Aprende qu\u00e9 es un sugar daddy y consigue contactos con sugar babys.\",\"publisher\":{\"@id\":\"https:\\\/\\\/sugardaddybelgium.eu\\\/#organization\"},\"alternateName\":\"Sugar Daddy Belgi\u00eb powered by SugarDaddyPlanet\",\"potentialAction\":[{\"@type\":\"SearchAction\",\"target\":{\"@type\":\"EntryPoint\",\"urlTemplate\":\"https:\\\/\\\/sugardaddybelgium.eu\\\/?s={search_term_string}\"},\"query-input\":{\"@type\":\"PropertyValueSpecification\",\"valueRequired\":true,\"valueName\":\"search_term_string\"}}],\"inLanguage\":\"en-GB\"},{\"@type\":[\"Organization\",\"DatingService\"],\"@id\":\"https:\\\/\\\/sugardaddybelgium.eu\\\/#organization\",\"name\":\"Sugar Daddy Belgi\u00eb\",\"url\":\"https:\\\/\\\/sugardaddybelgium.eu\\\/\",\"logo\":{\"@type\":\"ImageObject\",\"inLanguage\":\"en-GB\",\"@id\":\"https:\\\/\\\/sugardaddybelgium.eu\\\/#\\\/schema\\\/logo\\\/image\\\/\",\"url\":\"https:\\\/\\\/sugardaddybelgium.eu\\\/wp-content\\\/uploads\\\/2024\\\/10\\\/sugardaddyespanalogo2.jpg\",\"contentUrl\":\"https:\\\/\\\/sugardaddybelgium.eu\\\/wp-content\\\/uploads\\\/2024\\\/10\\\/sugardaddyespanalogo2.jpg\",\"width\":241,\"height\":250,\"caption\":\"Sugar Daddy Belgi\u00eb\"},\"image\":{\"@id\":\"https:\\\/\\\/sugardaddybelgium.eu\\\/#\\\/schema\\\/logo\\\/image\\\/\"},\"sameAs\":[\"https:\\\/\\\/x.com\\\/EspanaSugar\",\"https:\\\/\\\/www.youtube.com\\\/@sugardaddyespana5589\"],\"serviceType\":\"Dating Service\",\"category\":\"Dating\",\"publishingPrinciples\":\"https:\\\/\\\/sugardaddybelgium.eu\\\/publicatieprincipes\\\/\",\"ownershipFundingInfo\":\"https:\\\/\\\/sugardaddybelgium.eu\\\/eigendomsinformatie-en-financiering\\\/\",\"actionableFeedbackPolicy\":\"https:\\\/\\\/sugardaddybelgium.eu\\\/beleid-actieve-respons\\\/\",\"correctionsPolicy\":\"https:\\\/\\\/sugardaddybelgium.eu\\\/correctiebeleid\\\/\",\"ethicsPolicy\":\"https:\\\/\\\/sugardaddybelgium.eu\\\/ethisch-beleid\\\/\",\"diversityPolicy\":\"https:\\\/\\\/sugardaddybelgium.eu\\\/diversiteitsbeleid\\\/\",\"diversityStaffingReport\":\"https:\\\/\\\/sugardaddybelgium.eu\\\/diversiteitsbeleid\\\/\"}]}<\/script>\n<!-- \/ Yoast SEO Premium plugin. -->","yoast_head_json":{"title":"Blog de la web Sugar Daddy Belgi\u00eb con art\u00edculos relacionados","description":"Blog de la web sugardaddybelgium.eu con art\u00edculos relacionados con el Sugar Dating. Blog para ampliar informaci\u00f3n.","robots":{"index":"index","follow":"follow","max-snippet":"max-snippet:-1","max-image-preview":"max-image-preview:large","max-video-preview":"max-video-preview:-1"},"canonical":"https:\/\/sugardaddybelgium.eu\/en\/blog\/","og_locale":"en_GB","og_type":"article","og_title":"Blog","og_description":"Welkom op de blog van SugarDaddyBelgium.eu Hier vind je veel nuttige informatie over sugar dating. Als je hier nieuw bent, moet je eerst de volgende","og_url":"https:\/\/sugardaddybelgium.eu\/en\/blog\/","og_site_name":"Sugar Daddy Belgi\u00eb, red lider de contactos para sugar babys en Espa\u00f1a","article_modified_time":"2026-01-06T15:02:30+00:00","twitter_card":"summary_large_image","twitter_site":"@EspanaSugar","twitter_misc":{"Estimated reading time":"1 minute"},"schema":{"@context":"https:\/\/schema.org","@graph":[{"@type":"WebPage","@id":"https:\/\/sugardaddybelgium.eu\/blog\/","url":"https:\/\/sugardaddybelgium.eu\/blog\/","name":"Blog de la web Sugar Daddy Belgi\u00eb con art\u00edculos relacionados","isPartOf":{"@id":"https:\/\/sugardaddybelgium.eu\/#website"},"datePublished":"2018-08-07T15:53:43+00:00","dateModified":"2026-01-06T15:02:30+00:00","description":"Blog de la web sugardaddybelgium.eu con art\u00edculos relacionados con el Sugar Dating. Blog para ampliar informaci\u00f3n.","breadcrumb":{"@id":"https:\/\/sugardaddybelgium.eu\/blog\/#breadcrumb"},"inLanguage":"en-GB","potentialAction":[{"@type":"ReadAction","target":["https:\/\/sugardaddybelgium.eu\/blog\/"]}]},{"@type":"BreadcrumbList","@id":"https:\/\/sugardaddybelgium.eu\/blog\/#breadcrumb","itemListElement":[{"@type":"ListItem","position":1,"name":"Inicio","item":"https:\/\/sugardaddybelgium.eu\/"},{"@type":"ListItem","position":2,"name":"Blog"}]},{"@type":"WebSite","@id":"https:\/\/sugardaddybelgium.eu\/#website","url":"https:\/\/sugardaddybelgium.eu\/","name":"Sugar Daddy Belgi\u00eb, red lider de contactos para sugar babys en Espa\u00f1a","description":"Aprende qu\u00e9 es un sugar daddy y consigue contactos con sugar babys.","publisher":{"@id":"https:\/\/sugardaddybelgium.eu\/#organization"},"alternateName":"Sugar Daddy Belgi\u00eb powered by SugarDaddyPlanet","potentialAction":[{"@type":"SearchAction","target":{"@type":"EntryPoint","urlTemplate":"https:\/\/sugardaddybelgium.eu\/?s={search_term_string}"},"query-input":{"@type":"PropertyValueSpecification","valueRequired":true,"valueName":"search_term_string"}}],"inLanguage":"en-GB"},{"@type":["Organization","DatingService"],"@id":"https:\/\/sugardaddybelgium.eu\/#organization","name":"Sugar Daddy Belgium","url":"https:\/\/sugardaddybelgium.eu\/","logo":{"@type":"ImageObject","inLanguage":"en-GB","@id":"https:\/\/sugardaddybelgium.eu\/#\/schema\/logo\/image\/","url":"https:\/\/sugardaddybelgium.eu\/wp-content\/uploads\/2024\/10\/sugardaddyespanalogo2.jpg","contentUrl":"https:\/\/sugardaddybelgium.eu\/wp-content\/uploads\/2024\/10\/sugardaddyespanalogo2.jpg","width":241,"height":250,"caption":"Sugar Daddy Belgi\u00eb"},"image":{"@id":"https:\/\/sugardaddybelgium.eu\/#\/schema\/logo\/image\/"},"sameAs":["https:\/\/x.com\/EspanaSugar","https:\/\/www.youtube.com\/@sugardaddyespana5589"],"serviceType":"Dating Service","category":"Dating","publishingPrinciples":"https:\/\/sugardaddybelgium.eu\/publicatieprincipes\/","ownershipFundingInfo":"https:\/\/sugardaddybelgium.eu\/eigendomsinformatie-en-financiering\/","actionableFeedbackPolicy":"https:\/\/sugardaddybelgium.eu\/beleid-actieve-respons\/","correctionsPolicy":"https:\/\/sugardaddybelgium.eu\/correctiebeleid\/","ethicsPolicy":"https:\/\/sugardaddybelgium.eu\/ethisch-beleid\/","diversityPolicy":"https:\/\/sugardaddybelgium.eu\/diversiteitsbeleid\/","diversityStaffingReport":"https:\/\/sugardaddybelgium.eu\/diversiteitsbeleid\/"}]}},"_links":{"self":[{"href":"https:\/\/sugardaddybelgium.eu\/en\/wp-json\/wp\/v2\/pages\/595","targetHints":{"allow":["GET"]}}],"collection":[{"href":"https:\/\/sugardaddybelgium.eu\/en\/wp-json\/wp\/v2\/pages"}],"about":[{"href":"https:\/\/sugardaddybelgium.eu\/en\/wp-json\/wp\/v2\/types\/page"}],"author":[{"embeddable":true,"href":"https:\/\/sugardaddybelgium.eu\/en\/wp-json\/wp\/v2\/users\/1"}],"replies":[{"embeddable":true,"href":"https:\/\/sugardaddybelgium.eu\/en\/wp-json\/wp\/v2\/comments?post=595"}],"version-history":[{"count":0,"href":"https:\/\/sugardaddybelgium.eu\/en\/wp-json\/wp\/v2\/pages\/595\/revisions"}],"wp:attachment":[{"href":"https:\/\/sugardaddybelgium.eu\/en\/wp-json\/wp\/v2\/media?parent=595"}],"curies":[{"name":"wp","href":"https:\/\/api.w.org\/{rel}","templated":true}]}}