{"id":57452,"date":"2025-08-20T12:07:12","date_gmt":"2025-08-20T10:07:12","guid":{"rendered":"https:\/\/sugardaddybelgium.eu\/?page_id=57452"},"modified":"2026-01-06T10:52:17","modified_gmt":"2026-01-06T09:52:17","slug":"principes-de-publication","status":"publish","type":"page","link":"https:\/\/sugardaddybelgium.eu\/fr\/publicatieprincipes\/","title":{"rendered":"Principes de publication"},"content":{"rendered":"<p>Et el <a href=\"https:\/\/sugardaddybelgium.eu\/fr\/blog\/\">blog le <strong>Sugar Daddy Belgi\u00eb<\/strong> <\/a>Publication des contenus <strong>r\u00e9alistes, utiles et responsables<\/strong> sobre <em>rencontres avec du sucre<\/em> pour trouver des citations entre sugar babys et sugar daddys. Nous ne promettons pas de r\u00e9sultats rapides ni d'exp\u00e9riences id\u00e9ales : <strong>no vendemos \u201cencontrar\u00e1s un millonario en dos d\u00edas\u201d<\/strong>. Apostamos por <strong>expectativas sanas, paciencia, seguridad y respeto<\/strong>.<\/p>\n\n\n\n<h2 class=\"wp-block-heading\" id=\"h-para-quien-escribimos\">Par qui\u00e9n escribimos<\/h2>\n\n\n\n<ul class=\"wp-block-list\">\n<li>Hommes et femmes adultes int\u00e9ress\u00e9s par les relations <strong>hombre\u2194mujer<\/strong> dans le cadre de notre plateforme.<\/li>\n\n\n\n<li>Lectores que buscan <strong>information claire<\/strong>, Les conseils de <strong>s\u00e9curit\u00e9<\/strong> et orientation <strong>pratique<\/strong>.<\/li>\n<\/ul>\n\n\n\n<h2 class=\"wp-block-heading\" id=\"h-que-publicamos\">Ce que nous publions<\/h2>\n\n\n\n<ul class=\"wp-block-list\">\n<li><strong>Guides et conseils<\/strong> bas\u00e9es sur l'exp\u00e9rience et de bonnes pratiques (par exemple, la s\u00e9curit\u00e9, comment cr\u00e9er un profil honn\u00eate, les premi\u00e8res questions).<\/li>\n\n\n\n<li><strong>Contenus \u00e9ducatifs<\/strong> sobre expectativas realistas : el <em>rencontres avec du sucre<\/em> <strong>n\u00e9cessite du temps et de la patience<\/strong>.<\/li>\n\n\n\n<li><strong>Articles de style de vie et \u00e9tiquettes<\/strong>, Les droits de l'homme, les limites, la communication et le consentement.<\/li>\n\n\n\n<li><strong>Mise \u00e0 jour<\/strong> des politiques, des nouveaut\u00e9s en mati\u00e8re de produits et des avis pertinents pour la communaut\u00e9.<\/li>\n<\/ul>\n\n\n\n<h2 class=\"wp-block-heading\" id=\"h-que-no-publicamos\">Ce que nous ne publions pas<\/h2>\n\n\n\n<ul class=\"wp-block-list\">\n<li><strong>Promesses de vente<\/strong> (\u201cpareja en 24h\u201d, \u201cmillonarios garantizados\u201d).<\/li>\n\n\n\n<li><strong>Sensationnalisme<\/strong> o clickbait.<\/li>\n\n\n\n<li><strong>Contenu sexuel explosif<\/strong> ni de mat\u00e9riel favorisant des comportements ill\u00e9gaux.<\/li>\n\n\n\n<li>Guide pour <strong>explotaci\u00f3n, estafa<\/strong> ou toute pratique contraire \u00e0 nos politiques et \u00e0 la loi.<\/li>\n<\/ul>\n\n\n\n<h2 class=\"wp-block-heading\" id=\"h-tono-y-estandares-editoriales\">Ton et normes r\u00e9dactionnelles<\/h2>\n\n\n\n<ul class=\"wp-block-list\">\n<li><strong>Realista y no sensacionalista<\/strong>Les r\u00e8gles d'utilisation sont prioritaires par rapport \u00e0 celles de l'appareil de spectacle.<\/li>\n\n\n\n<li><strong>Clair et direct<\/strong>: un langage compr\u00e9hensible, sans ambigu\u00eft\u00e9.<\/li>\n\n\n\n<li><strong>Respect et consentement<\/strong>: toutes les recommandations proviennent de la <strong>l\u00e9galit\u00e9<\/strong> y del <strong>accord libre<\/strong> entre adultes.<\/li>\n<\/ul>\n\n\n\n<h2 class=\"wp-block-heading\" id=\"h-fuentes-verificacion-y-correcciones\">Sources, v\u00e9rifications et corrections<\/h2>\n\n\n\n<ul class=\"wp-block-list\">\n<li>Contrastamos datos con <strong>fuentes fiables<\/strong> cuando aplican (estudios, normativa, organismos).<\/li>\n\n\n\n<li>Indicamos <strong>date de mise \u00e0 jour<\/strong> y se\u00f1alamos cambios relevantes.<\/li>\n\n\n\n<li>Si vous d\u00e9tectez une erreur, consultez notre site web. <strong><a href=\"https:\/\/sugardaddybelgium.eu\/fr\/politica-de-correcciones\/\">Politique de correspondance<\/a><\/strong> et de l'envoyer \u00e0 <code>correcciones@sugardaddyespana.com<\/code>.<\/li>\n<\/ul>\n\n\n\n<h2 class=\"wp-block-heading\" id=\"h-independencia-editorial-y-financiacion\">Ind\u00e9pendance \u00e9ditoriale et financi\u00e8re<\/h2>\n\n\n\n<ul class=\"wp-block-list\">\n<li>La <strong>publicit\u00e9, affiliation et parrainage<\/strong> ne sont pas conformes \u00e0 nos recommandations.<\/li>\n\n\n\n<li>Tout contenu prot\u00e9g\u00e9 ou lien d'affili\u00e9 se <strong>se\u00f1aliza claramente<\/strong>. Plus de d\u00e9tails sur <a href=\"https:\/\/sugardaddybelgium.eu\/fr\/informacion-propietaria-y-financiacion\/\"><strong>Informations sur la propri\u00e9t\u00e9 et les finances<\/strong>.<\/a><\/li>\n<\/ul>\n\n\n\n<h2 class=\"wp-block-heading\" id=\"h-imagenes-casos-y-privacidad\">Images, cas et confidentialit\u00e9<\/h2>\n\n\n\n<ul class=\"wp-block-list\">\n<li>Nous \u00e9vitons les images et les r\u00e9cits qui <strong>riesgos romantiques<\/strong> o g\u00e9n\u00e9rer des attentes irr\u00e9alisables.<\/li>\n\n\n\n<li>Les cas pratiques sont <strong>anonimizan<\/strong> et n'incluent jamais de donn\u00e9es personnelles identifiables.<\/li>\n<\/ul>\n\n\n\n<h2 class=\"wp-block-heading\" id=\"h-limites-y-seguridad\">Limites et s\u00e9curit\u00e9<\/h2>\n\n\n\n<ul class=\"wp-block-list\">\n<li><strong>Aucun paiement n'a \u00e9t\u00e9 effectu\u00e9<\/strong>, Nous ne promouvons pas de services sexuels ni de pratiques ill\u00e9gales.<\/li>\n\n\n\n<li>Renforcer les messages de <strong>s\u00e9curit\u00e9<\/strong>Les mesures de contr\u00f4le sont les suivantes : v\u00e9rification pr\u00e9alable, rencontres en public, gestion des limites et utilisation des outils de contr\u00f4le de la qualit\u00e9. <strong>bloqueo\/report<\/strong>.<\/li>\n\n\n\n<li>Pour toute d\u00e9nonciation ou aide, consultez la <strong><a href=\"https:\/\/sugardaddybelgium.eu\/fr\/politica-de-respuesta-activa\/\">Politique de r\u00e9ponse active<\/a><\/strong>.<\/li>\n<\/ul>\n\n\n\n<h2 class=\"wp-block-heading\" id=\"h-actualizaciones\">Mise \u00e0 jour<\/h2>\n\n\n\n<p>Derni\u00e8re r\u00e9vision : <strong>03\/09\/2025<\/strong>. Nous pouvons actualiser ces principes pour les rendre plus clairs et les aligner sur nos politiques.<\/p>","protected":false},"excerpt":{"rendered":"<p>En el blog de Sugar Daddy Belgi\u00eb publicamos contenidos realistas, \u00fatiles y responsables sobre sugar dating para encontrar citas entre sugar babys y sugar daddys. No prometemos resultados r\u00e1pidos ni experiencias idealizadas: no vendemos \u201cencontrar\u00e1s un millonario en dos d\u00edas\u201d. Apostamos por expectativas sanas, paciencia, seguridad y respeto. Para qui\u00e9n escribimos Qu\u00e9 publicamos Qu\u00e9 NO &#8230; <a title=\"Principes de publication\" class=\"read-more\" href=\"https:\/\/sugardaddybelgium.eu\/fr\/publicatieprincipes\/\" aria-label=\"Read more about Publicatieprincipes\">En savoir plus<\/a><\/p>","protected":false},"author":1,"featured_media":0,"parent":0,"menu_order":0,"comment_status":"closed","ping_status":"closed","template":"","meta":{"generate_page_header":"","footnotes":""},"class_list":["post-57452","page","type-page","status-publish"],"featured_image_urls_v2":{"full":"","thumbnail":"","medium":"","medium_large":"","large":"","1536x1536":"","2048x2048":"","trp-custom-language-flag":""},"post_excerpt_stackable_v2":"<p>En el blog de Sugar Daddy Belgi\u00eb publicamos contenidos realistas, \u00fatiles y responsables sobre sugar dating para encontrar citas entre sugar babys y sugar daddys. No prometemos resultados r\u00e1pidos ni experiencias idealizadas: no vendemos \u201cencontrar\u00e1s un millonario en dos d\u00edas\u201d. Apostamos por expectativas sanas, paciencia, seguridad y respeto. Para qui\u00e9n escribimos Hombres y mujeres adultos interesados en relaciones hombre\u2194mujer dentro del marco de nuestra plataforma. Lectores que buscan informaci\u00f3n clara, consejos de seguridad y orientaci\u00f3n pr\u00e1ctica. Qu\u00e9 publicamos Gu\u00edas y consejos basados en experiencia y buenas pr\u00e1cticas (p. ej., seguridad, c\u00f3mo crear un perfil honesto, primeras quedadas). Contenidos educativos sobre&hellip;<\/p>\n","category_list_v2":"","author_info_v2":{"name":"Admin de SugarDaddyEspa\u00f1a","url":"https:\/\/sugardaddybelgium.eu\/fr\/author\/poweb\/"},"comments_num_v2":"0 comments","yoast_head":"<!-- This site is optimized with the Yoast SEO Premium plugin v26.0 (Yoast SEO v27.3) - https:\/\/yoast.com\/product\/yoast-seo-premium-wordpress\/ -->\n<title>Publicatieprincipes<\/title>\n<meta name=\"robots\" content=\"index, follow, max-snippet:-1, max-image-preview:large, max-video-preview:-1\" \/>\n<link rel=\"canonical\" href=\"https:\/\/sugardaddybelgium.eu\/fr\/principes-de-publication\/\" \/>\n<meta property=\"og:locale\" content=\"fr_FR\" \/>\n<meta property=\"og:type\" content=\"article\" \/>\n<meta property=\"og:title\" content=\"Publicatieprincipes\" \/>\n<meta property=\"og:description\" content=\"En el blog de Sugar Daddy Belgi\u00eb publicamos contenidos realistas, \u00fatiles y responsables sobre sugar dating para encontrar citas entre sugar babys y sugar\" \/>\n<meta property=\"og:url\" content=\"https:\/\/sugardaddybelgium.eu\/fr\/principes-de-publication\/\" \/>\n<meta property=\"og:site_name\" content=\"Sugar Daddy Belgi\u00eb, red lider de contactos para sugar babys en Espa\u00f1a\" \/>\n<meta property=\"article:modified_time\" content=\"2026-01-06T09:52:17+00:00\" \/>\n<meta name=\"twitter:card\" content=\"summary_large_image\" \/>\n<meta name=\"twitter:site\" content=\"@EspanaSugar\" \/>\n<meta name=\"twitter:label1\" content=\"Dur\u00e9e de lecture est.\" \/>\n\t<meta name=\"twitter:data1\" content=\"2 minutes\" \/>\n<script type=\"application\/ld+json\" class=\"yoast-schema-graph\">{\"@context\":\"https:\\\/\\\/schema.org\",\"@graph\":[{\"@type\":\"WebPage\",\"@id\":\"https:\\\/\\\/sugardaddybelgium.eu\\\/publicatieprincipes\\\/\",\"url\":\"https:\\\/\\\/sugardaddybelgium.eu\\\/publicatieprincipes\\\/\",\"name\":\"Publicatieprincipes\",\"isPartOf\":{\"@id\":\"https:\\\/\\\/sugardaddybelgium.eu\\\/#website\"},\"datePublished\":\"2025-08-20T10:07:12+00:00\",\"dateModified\":\"2026-01-06T09:52:17+00:00\",\"breadcrumb\":{\"@id\":\"https:\\\/\\\/sugardaddybelgium.eu\\\/publicatieprincipes\\\/#breadcrumb\"},\"inLanguage\":\"fr-BE\",\"potentialAction\":[{\"@type\":\"ReadAction\",\"target\":[\"https:\\\/\\\/sugardaddybelgium.eu\\\/publicatieprincipes\\\/\"]}]},{\"@type\":\"BreadcrumbList\",\"@id\":\"https:\\\/\\\/sugardaddybelgium.eu\\\/publicatieprincipes\\\/#breadcrumb\",\"itemListElement\":[{\"@type\":\"ListItem\",\"position\":1,\"name\":\"Inicio\",\"item\":\"https:\\\/\\\/sugardaddybelgium.eu\\\/\"},{\"@type\":\"ListItem\",\"position\":2,\"name\":\"Publicatieprincipes\"}]},{\"@type\":\"WebSite\",\"@id\":\"https:\\\/\\\/sugardaddybelgium.eu\\\/#website\",\"url\":\"https:\\\/\\\/sugardaddybelgium.eu\\\/\",\"name\":\"Sugar Daddy Belgi\u00eb, red lider de contactos para sugar babys en Espa\u00f1a\",\"description\":\"Aprende qu\u00e9 es un sugar daddy y consigue contactos con sugar babys.\",\"publisher\":{\"@id\":\"https:\\\/\\\/sugardaddybelgium.eu\\\/#organization\"},\"alternateName\":\"Sugar Daddy Belgi\u00eb powered by SugarDaddyPlanet\",\"potentialAction\":[{\"@type\":\"SearchAction\",\"target\":{\"@type\":\"EntryPoint\",\"urlTemplate\":\"https:\\\/\\\/sugardaddybelgium.eu\\\/?s={search_term_string}\"},\"query-input\":{\"@type\":\"PropertyValueSpecification\",\"valueRequired\":true,\"valueName\":\"search_term_string\"}}],\"inLanguage\":\"fr-BE\"},{\"@type\":[\"Organization\",\"DatingService\"],\"@id\":\"https:\\\/\\\/sugardaddybelgium.eu\\\/#organization\",\"name\":\"Sugar Daddy Belgi\u00eb\",\"url\":\"https:\\\/\\\/sugardaddybelgium.eu\\\/\",\"logo\":{\"@type\":\"ImageObject\",\"inLanguage\":\"fr-BE\",\"@id\":\"https:\\\/\\\/sugardaddybelgium.eu\\\/#\\\/schema\\\/logo\\\/image\\\/\",\"url\":\"https:\\\/\\\/sugardaddybelgium.eu\\\/wp-content\\\/uploads\\\/2024\\\/10\\\/sugardaddyespanalogo2.jpg\",\"contentUrl\":\"https:\\\/\\\/sugardaddybelgium.eu\\\/wp-content\\\/uploads\\\/2024\\\/10\\\/sugardaddyespanalogo2.jpg\",\"width\":241,\"height\":250,\"caption\":\"Sugar Daddy Belgi\u00eb\"},\"image\":{\"@id\":\"https:\\\/\\\/sugardaddybelgium.eu\\\/#\\\/schema\\\/logo\\\/image\\\/\"},\"sameAs\":[\"https:\\\/\\\/x.com\\\/EspanaSugar\",\"https:\\\/\\\/www.youtube.com\\\/@sugardaddyespana5589\"],\"serviceType\":\"Dating Service\",\"category\":\"Dating\",\"publishingPrinciples\":\"https:\\\/\\\/sugardaddybelgium.eu\\\/publicatieprincipes\\\/\",\"ownershipFundingInfo\":\"https:\\\/\\\/sugardaddybelgium.eu\\\/eigendomsinformatie-en-financiering\\\/\",\"actionableFeedbackPolicy\":\"https:\\\/\\\/sugardaddybelgium.eu\\\/beleid-actieve-respons\\\/\",\"correctionsPolicy\":\"https:\\\/\\\/sugardaddybelgium.eu\\\/correctiebeleid\\\/\",\"ethicsPolicy\":\"https:\\\/\\\/sugardaddybelgium.eu\\\/ethisch-beleid\\\/\",\"diversityPolicy\":\"https:\\\/\\\/sugardaddybelgium.eu\\\/diversiteitsbeleid\\\/\",\"diversityStaffingReport\":\"https:\\\/\\\/sugardaddybelgium.eu\\\/diversiteitsbeleid\\\/\"}]}<\/script>\n<!-- \/ Yoast SEO Premium plugin. -->","yoast_head_json":{"title":"Principes de publication","robots":{"index":"index","follow":"follow","max-snippet":"max-snippet:-1","max-image-preview":"max-image-preview:large","max-video-preview":"max-video-preview:-1"},"canonical":"https:\/\/sugardaddybelgium.eu\/fr\/principes-de-publication\/","og_locale":"fr_FR","og_type":"article","og_title":"Publicatieprincipes","og_description":"En el blog de Sugar Daddy Belgi\u00eb publicamos contenidos realistas, \u00fatiles y responsables sobre sugar dating para encontrar citas entre sugar babys y sugar","og_url":"https:\/\/sugardaddybelgium.eu\/fr\/principes-de-publication\/","og_site_name":"Sugar Daddy Belgi\u00eb, red lider de contactos para sugar babys en Espa\u00f1a","article_modified_time":"2026-01-06T09:52:17+00:00","twitter_card":"summary_large_image","twitter_site":"@EspanaSugar","twitter_misc":{"Dur\u00e9e de lecture est.":"2 minutes"},"schema":{"@context":"https:\/\/schema.org","@graph":[{"@type":"WebPage","@id":"https:\/\/sugardaddybelgium.eu\/publicatieprincipes\/","url":"https:\/\/sugardaddybelgium.eu\/publicatieprincipes\/","name":"Principes de publication","isPartOf":{"@id":"https:\/\/sugardaddybelgium.eu\/#website"},"datePublished":"2025-08-20T10:07:12+00:00","dateModified":"2026-01-06T09:52:17+00:00","breadcrumb":{"@id":"https:\/\/sugardaddybelgium.eu\/publicatieprincipes\/#breadcrumb"},"inLanguage":"fr-BE","potentialAction":[{"@type":"ReadAction","target":["https:\/\/sugardaddybelgium.eu\/publicatieprincipes\/"]}]},{"@type":"BreadcrumbList","@id":"https:\/\/sugardaddybelgium.eu\/publicatieprincipes\/#breadcrumb","itemListElement":[{"@type":"ListItem","position":1,"name":"Inicio","item":"https:\/\/sugardaddybelgium.eu\/"},{"@type":"ListItem","position":2,"name":"Publicatieprincipes"}]},{"@type":"WebSite","@id":"https:\/\/sugardaddybelgium.eu\/#website","url":"https:\/\/sugardaddybelgium.eu\/","name":"Sugar Daddy Belgi\u00eb, red lider de contactos para sugar babys en Espa\u00f1a","description":"Apprenez ce qu'est un sugar daddy et prenez contact avec des sugar babys.","publisher":{"@id":"https:\/\/sugardaddybelgium.eu\/#organization"},"alternateName":"Sugar Daddy Belgi\u00eb powered by SugarDaddyPlanet","potentialAction":[{"@type":"SearchAction","target":{"@type":"EntryPoint","urlTemplate":"https:\/\/sugardaddybelgium.eu\/?s={search_term_string}"},"query-input":{"@type":"PropertyValueSpecification","valueRequired":true,"valueName":"search_term_string"}}],"inLanguage":"fr-BE"},{"@type":["Organization","DatingService"],"@id":"https:\/\/sugardaddybelgium.eu\/#organization","name":"Sugar Daddy Belgi\u00eb","url":"https:\/\/sugardaddybelgium.eu\/","logo":{"@type":"ImageObject","inLanguage":"fr-BE","@id":"https:\/\/sugardaddybelgium.eu\/#\/schema\/logo\/image\/","url":"https:\/\/sugardaddybelgium.eu\/wp-content\/uploads\/2024\/10\/sugardaddyespanalogo2.jpg","contentUrl":"https:\/\/sugardaddybelgium.eu\/wp-content\/uploads\/2024\/10\/sugardaddyespanalogo2.jpg","width":241,"height":250,"caption":"Sugar Daddy Belgi\u00eb"},"image":{"@id":"https:\/\/sugardaddybelgium.eu\/#\/schema\/logo\/image\/"},"sameAs":["https:\/\/x.com\/EspanaSugar","https:\/\/www.youtube.com\/@sugardaddyespana5589"],"serviceType":"Dating Service","category":"Dating","publishingPrinciples":"https:\/\/sugardaddybelgium.eu\/publicatieprincipes\/","ownershipFundingInfo":"https:\/\/sugardaddybelgium.eu\/eigendomsinformatie-en-financiering\/","actionableFeedbackPolicy":"https:\/\/sugardaddybelgium.eu\/beleid-actieve-respons\/","correctionsPolicy":"https:\/\/sugardaddybelgium.eu\/correctiebeleid\/","ethicsPolicy":"https:\/\/sugardaddybelgium.eu\/ethisch-beleid\/","diversityPolicy":"https:\/\/sugardaddybelgium.eu\/diversiteitsbeleid\/","diversityStaffingReport":"https:\/\/sugardaddybelgium.eu\/diversiteitsbeleid\/"}]}},"_links":{"self":[{"href":"https:\/\/sugardaddybelgium.eu\/fr\/wp-json\/wp\/v2\/pages\/57452","targetHints":{"allow":["GET"]}}],"collection":[{"href":"https:\/\/sugardaddybelgium.eu\/fr\/wp-json\/wp\/v2\/pages"}],"about":[{"href":"https:\/\/sugardaddybelgium.eu\/fr\/wp-json\/wp\/v2\/types\/page"}],"author":[{"embeddable":true,"href":"https:\/\/sugardaddybelgium.eu\/fr\/wp-json\/wp\/v2\/users\/1"}],"replies":[{"embeddable":true,"href":"https:\/\/sugardaddybelgium.eu\/fr\/wp-json\/wp\/v2\/comments?post=57452"}],"version-history":[{"count":0,"href":"https:\/\/sugardaddybelgium.eu\/fr\/wp-json\/wp\/v2\/pages\/57452\/revisions"}],"wp:attachment":[{"href":"https:\/\/sugardaddybelgium.eu\/fr\/wp-json\/wp\/v2\/media?parent=57452"}],"curies":[{"name":"wp","href":"https:\/\/api.w.org\/{rel}","templated":true}]}}