{"id":595,"date":"2018-08-07T15:53:43","date_gmt":"2018-08-07T15:53:43","guid":{"rendered":"https:\/\/sugardaddybelgium.eu\/?page_id=595"},"modified":"2026-01-06T16:02:30","modified_gmt":"2026-01-06T15:02:30","slug":"blog","status":"publish","type":"page","link":"https:\/\/sugardaddybelgium.eu\/fr\/blog\/","title":{"rendered":"Blog"},"content":{"rendered":"<h1 class=\"wp-block-heading has-text-align-center\" id=\"h-welkom-op-de-blog-van-sugardaddybelgium-eu\" style=\"font-size:25px\">Bienvenue sur le blog SugarDaddyBelgium.eu<\/h1>\n\n\n\n<p class=\"has-text-align-center\">Vous trouverez ici de nombreuses informations utiles sur les rencontres amoureuses. Si vous \u00eates nouveau ici, vous devriez d'abord conna\u00eetre les termes suivants :<\/p>\n\n\n\n<div class=\"wp-block-group\"><div class=\"wp-block-group__inner-container is-layout-flow wp-block-group-is-layout-flow\">\n<div class=\"wp-block-buttons is-content-justification-center is-layout-flex wp-container-core-buttons-is-layout-16018d1d wp-block-buttons-is-layout-flex\">\n<div class=\"wp-block-button is-style-outline is-style-outline--1\"><a class=\"wp-block-button__link has-base-3-background-color has-text-color has-background wp-element-button\" href=\"https:\/\/sugardaddybelgium.eu\/fr\/#wat_is_sugardaddy\" style=\"color:#6e5400\">Qu'est-ce qu'un Sugar Daddy ?<\/a><\/div>\n\n\n\n<div class=\"wp-block-button is-style-outline is-style-outline--2\"><a class=\"wp-block-button__link has-base-3-background-color has-text-color has-background wp-element-button\" href=\"https:\/\/sugardaddybelgium.eu\/fr\/#wat_is_sugar_baby\" style=\"color:#6e5400\">Qu'est-ce qu'un Sugar Baby ?<\/a><\/div>\n\n\n\n<div class=\"wp-block-button is-style-outline is-style-outline--3\"><a class=\"wp-block-button__link has-base-3-background-color has-text-color has-background wp-element-button\" href=\"https:\/\/sugardaddybelgium.eu\/fr\/#faqs\" style=\"color:#6e5400\">Questions fr\u00e9quemment pos\u00e9es<\/a><\/div>\n<\/div>\n<\/div><\/div>\n\n\n\n<p>Si vous savez d\u00e9j\u00e0 tout cela, lisez la suite ou cr\u00e9ez un profil et apprenez tout sur le monde du sugar dating. Conseils, exp\u00e9riences et bien plus encore.<\/p>\n\n\n\n<div class=\"wp-block-ugb-blog-posts ugb-blog-posts ugb-5c495c2 ugb-blog-posts--v2 ugb-blog-posts--design-basic ugb-blog-posts--columns-3 ugb-main-block\"><style>.ugb-5c495c2 .ugb-blog-posts__featured-image img{height:300px !important}<\/style><div class=\"ugb-inner-block\"><div class=\"ugb-block-content\"><article class=\"ugb-blog-posts__item\"><div class=\"ugb-blog-posts__content\"><figure class=\"ugb-blog-posts__featured-image ugb--shadow-3\"><a href=\"https:\/\/sugardaddybelgium.eu\/fr\/sugar-dating-in-brussel-praktische-gids-voor-authentieke-connecties\/\"><img decoding=\"async\" width=\"375\" height=\"500\" src=\"https:\/\/sugardaddybelgium.eu\/wp-content\/uploads\/2026\/01\/imagen-1-3-375x500.avif\" class=\"attachment-large size-large wp-post-image\" alt=\"Terrasse de Bruxelles avec le quartier europ\u00e9en en arri\u00e8re-plan pour une rencontre de sugar dating\" \/><\/a><\/figure><h3 class=\"ugb-blog-posts__title\"><a href=\"https:\/\/sugardaddybelgium.eu\/fr\/sugar-dating-in-brussel-praktische-gids-voor-authentieke-connecties\/\">Sugar dating \u00e0 Bruxelles : guide pratique pour des connexions authentiques<\/a><\/h3><div class=\"ugb-blog-posts__excerpt\"><p>A Bruxelles, vous \u00eates \u00e0 la recherche d'une relation de sugar dating qui va au-del\u00e0 des rencontres superficielles ? Dans notre capitale, avec son m\u00e9lange unique d'allure internationale et de discr\u00e9tion belge, cela n\u00e9cessite une approche diff\u00e9rente de...<\/div><p class=\"ugb-blog-posts__readmore\"><a href=\"https:\/\/sugardaddybelgium.eu\/fr\/sugar-dating-in-brussel-praktische-gids-voor-authentieke-connecties\/\">En savoir plus<\/a><\/p><\/div><\/article><article class=\"ugb-blog-posts__item\"><div class=\"ugb-blog-posts__content\"><figure class=\"ugb-blog-posts__featured-image ugb--shadow-3\"><a href=\"https:\/\/sugardaddybelgium.eu\/fr\/hoe-vind-je-een-sugar-daddy-in-belgie-praktische-gids\/\"><img decoding=\"async\" width=\"375\" height=\"500\" src=\"https:\/\/sugardaddybelgium.eu\/wp-content\/uploads\/2026\/01\/imagen-2-2-375x500.avif\" class=\"attachment-large size-large wp-post-image\" alt=\"Profil v\u00e9rifi\u00e9 sur la plateforme de rencontre de sucre\" \/><\/a><\/figure><h3 class=\"ugb-blog-posts__title\"><a href=\"https:\/\/sugardaddybelgium.eu\/fr\/hoe-vind-je-een-sugar-daddy-in-belgie-praktische-gids\/\">Comment trouver un sugar daddy en Belgique ?<\/a><\/h3><div class=\"ugb-blog-posts__excerpt\"><p>Vous cherchez un sugar daddy mais ne savez pas par o\u00f9 commencer ? Vous n'\u00eates pas le seul. De plus en plus de personnes en Flandre et \u00e0 Bruxelles envisagent de faire des rencontres avec des...<\/div><p class=\"ugb-blog-posts__readmore\"><a href=\"https:\/\/sugardaddybelgium.eu\/fr\/hoe-vind-je-een-sugar-daddy-in-belgie-praktische-gids\/\">En savoir plus<\/a><\/p><\/div><\/article><article class=\"ugb-blog-posts__item\"><div class=\"ugb-blog-posts__content\"><figure class=\"ugb-blog-posts__featured-image ugb--shadow-3\"><a href=\"https:\/\/sugardaddybelgium.eu\/fr\/is-sugar-dating-legaal-in-belgie-alles-wat-je-moet-weten-over-de-wet\/\"><img decoding=\"async\" width=\"375\" height=\"500\" src=\"https:\/\/sugardaddybelgium.eu\/wp-content\/uploads\/2026\/01\/imagen-2-4-375x500.avif\" class=\"attachment-large size-large wp-post-image\" alt=\"Aspects juridiques des &quot;sugar dating&quot; en Belgique\" \/><\/a><\/figure><h3 class=\"ugb-blog-posts__title\"><a href=\"https:\/\/sugardaddybelgium.eu\/fr\/is-sugar-dating-legaal-in-belgie-alles-wat-je-moet-weten-over-de-wet\/\">Les rencontres amoureuses sont-elles l\u00e9gales en Belgique ? Tout ce qu'il faut savoir sur la loi<\/a><\/h3><div class=\"ugb-blog-posts__excerpt\"><p>Les rencontres amoureuses sont-elles l\u00e9gales en Belgique ? Cette question revient de plus en plus souvent, surtout depuis que cette forme de rencontre via des applications et des sites est devenue plus accessible. La r\u00e9ponse courte : oui, les rencontres amoureuses sont l\u00e9gales, \u00e0 condition qu'elles se fassent entre...<\/div><p class=\"ugb-blog-posts__readmore\"><a href=\"https:\/\/sugardaddybelgium.eu\/fr\/is-sugar-dating-legaal-in-belgie-alles-wat-je-moet-weten-over-de-wet\/\">En savoir plus<\/a><\/p><\/div><\/article><article class=\"ugb-blog-posts__item\"><div class=\"ugb-blog-posts__content\"><figure class=\"ugb-blog-posts__featured-image ugb--shadow-3\"><a href=\"https:\/\/sugardaddybelgium.eu\/fr\/sugar-dating-met-kerst-hoe-navigeer-je-de-feestdagen-met-stijl\/\"><img decoding=\"async\" width=\"375\" height=\"500\" src=\"https:\/\/sugardaddybelgium.eu\/wp-content\/uploads\/2026\/01\/imagen-3-375x500.avif\" class=\"attachment-large size-large wp-post-image\" alt=\"Une femme r\u00e9fl\u00e9chit \u00e0 l&#039;organisation de ses vacances et \u00e0 ses relations\" \/><\/a><\/figure><h3 class=\"ugb-blog-posts__title\"><a href=\"https:\/\/sugardaddybelgium.eu\/fr\/sugar-dating-met-kerst-hoe-navigeer-je-de-feestdagen-met-stijl\/\">Sugar dating \u00e0 No\u00ebl : comment g\u00e9rer les f\u00eates avec style<\/a><\/h3><div class=\"ugb-blog-posts__excerpt\"><p>Comment concilier sugar dating et p\u00e9riode de No\u00ebl sans que cela ne d\u00e9g\u00e9n\u00e8re en stress ou en malaise ? Cette question pr\u00e9occupe de nombreuses personnes \u00e0 l'approche du mois de d\u00e9cembre. Les f\u00eates de fin d'ann\u00e9e comportent des d\u00e9fis sp\u00e9cifiques : visites de la famille, attentes...<\/div><p class=\"ugb-blog-posts__readmore\"><a href=\"https:\/\/sugardaddybelgium.eu\/fr\/sugar-dating-met-kerst-hoe-navigeer-je-de-feestdagen-met-stijl\/\">En savoir plus<\/a><\/p><\/div><\/article><\/div><\/div><\/div>\n\n\n\n<p><\/p>\n\n\n\n<p class=\"has-text-align-center\"><strong>Plus d'informations : <a href=\"https:\/\/sugardaddybelgium.eu\/fr\/\">Page principale de Sugar Daddy<\/a><\/strong><\/p>","protected":false},"excerpt":{"rendered":"<p>Welkom op de blog van SugarDaddyBelgium.eu Hier vind je veel nuttige informatie over sugar dating. Als je hier nieuw bent, moet je eerst de volgende begrippen kennen: Als je dit allemaal al weet, lees dan verder of maak een profiel aan en leer alles over de wereld van sugar dating. Tips, ervaringen en nog veel &#8230; <a title=\"Blog\" class=\"read-more\" href=\"https:\/\/sugardaddybelgium.eu\/fr\/blog\/\" aria-label=\"Read more about Blog\">En savoir plus<\/a><\/p>","protected":false},"author":1,"featured_media":0,"parent":0,"menu_order":0,"comment_status":"closed","ping_status":"closed","template":"","meta":{"generate_page_header":"","footnotes":""},"class_list":["post-595","page","type-page","status-publish"],"featured_image_urls_v2":{"full":"","thumbnail":"","medium":"","medium_large":"","large":"","1536x1536":"","2048x2048":"","trp-custom-language-flag":""},"post_excerpt_stackable_v2":"<p>Welkom op de blog van SugarDaddyBelgium.eu Hier vind je veel nuttige informatie over sugar dating. Als je hier nieuw bent, moet je eerst de volgende begrippen kennen: Wat is een Sugar Daddy Wat is een Sugar Baby Veelgestelde vragen Als je dit allemaal al weet, lees dan verder of maak een profiel aan en leer alles over de wereld van sugar dating. Tips, ervaringen en nog veel meer. Sugar dating in Brussel: praktische gids voor authentieke connectiesZoek je in Brussel naar een sugar dating relatie die verder gaat dan oppervlakkige ontmoetingen? In onze hoofdstad, met haar unieke mix van internationale&hellip;<\/p>\n","category_list_v2":"","author_info_v2":{"name":"Admin de SugarDaddyEspa\u00f1a","url":"https:\/\/sugardaddybelgium.eu\/fr\/author\/poweb\/"},"comments_num_v2":"0 comments","yoast_head":"<!-- This site is optimized with the Yoast SEO Premium plugin v26.0 (Yoast SEO v27.3) - https:\/\/yoast.com\/product\/yoast-seo-premium-wordpress\/ -->\n<title>Blog de la web Sugar Daddy Belgi\u00eb con art\u00edculos relacionados<\/title>\n<meta name=\"description\" content=\"Blog de la web sugardaddybelgium.eu con art\u00edculos relacionados con el Sugar Dating. Blog para ampliar informaci\u00f3n.\" \/>\n<meta name=\"robots\" content=\"index, follow, max-snippet:-1, max-image-preview:large, max-video-preview:-1\" \/>\n<link rel=\"canonical\" href=\"https:\/\/sugardaddybelgium.eu\/fr\/blog\/\" \/>\n<meta property=\"og:locale\" content=\"fr_FR\" \/>\n<meta property=\"og:type\" content=\"article\" \/>\n<meta property=\"og:title\" content=\"Blog\" \/>\n<meta property=\"og:description\" content=\"Welkom op de blog van SugarDaddyBelgium.eu Hier vind je veel nuttige informatie over sugar dating. Als je hier nieuw bent, moet je eerst de volgende\" \/>\n<meta property=\"og:url\" content=\"https:\/\/sugardaddybelgium.eu\/fr\/blog\/\" \/>\n<meta property=\"og:site_name\" content=\"Sugar Daddy Belgi\u00eb, red lider de contactos para sugar babys en Espa\u00f1a\" \/>\n<meta property=\"article:modified_time\" content=\"2026-01-06T15:02:30+00:00\" \/>\n<meta name=\"twitter:card\" content=\"summary_large_image\" \/>\n<meta name=\"twitter:site\" content=\"@EspanaSugar\" \/>\n<meta name=\"twitter:label1\" content=\"Dur\u00e9e de lecture est.\" \/>\n\t<meta name=\"twitter:data1\" content=\"1 minute\" \/>\n<script type=\"application\/ld+json\" class=\"yoast-schema-graph\">{\"@context\":\"https:\\\/\\\/schema.org\",\"@graph\":[{\"@type\":\"WebPage\",\"@id\":\"https:\\\/\\\/sugardaddybelgium.eu\\\/blog\\\/\",\"url\":\"https:\\\/\\\/sugardaddybelgium.eu\\\/blog\\\/\",\"name\":\"Blog de la web Sugar Daddy Belgi\u00eb con art\u00edculos relacionados\",\"isPartOf\":{\"@id\":\"https:\\\/\\\/sugardaddybelgium.eu\\\/#website\"},\"datePublished\":\"2018-08-07T15:53:43+00:00\",\"dateModified\":\"2026-01-06T15:02:30+00:00\",\"description\":\"Blog de la web sugardaddybelgium.eu con art\u00edculos relacionados con el Sugar Dating. Blog para ampliar informaci\u00f3n.\",\"breadcrumb\":{\"@id\":\"https:\\\/\\\/sugardaddybelgium.eu\\\/blog\\\/#breadcrumb\"},\"inLanguage\":\"fr-BE\",\"potentialAction\":[{\"@type\":\"ReadAction\",\"target\":[\"https:\\\/\\\/sugardaddybelgium.eu\\\/blog\\\/\"]}]},{\"@type\":\"BreadcrumbList\",\"@id\":\"https:\\\/\\\/sugardaddybelgium.eu\\\/blog\\\/#breadcrumb\",\"itemListElement\":[{\"@type\":\"ListItem\",\"position\":1,\"name\":\"Inicio\",\"item\":\"https:\\\/\\\/sugardaddybelgium.eu\\\/\"},{\"@type\":\"ListItem\",\"position\":2,\"name\":\"Blog\"}]},{\"@type\":\"WebSite\",\"@id\":\"https:\\\/\\\/sugardaddybelgium.eu\\\/#website\",\"url\":\"https:\\\/\\\/sugardaddybelgium.eu\\\/\",\"name\":\"Sugar Daddy Belgi\u00eb, red lider de contactos para sugar babys en Espa\u00f1a\",\"description\":\"Aprende qu\u00e9 es un sugar daddy y consigue contactos con sugar babys.\",\"publisher\":{\"@id\":\"https:\\\/\\\/sugardaddybelgium.eu\\\/#organization\"},\"alternateName\":\"Sugar Daddy Belgi\u00eb powered by SugarDaddyPlanet\",\"potentialAction\":[{\"@type\":\"SearchAction\",\"target\":{\"@type\":\"EntryPoint\",\"urlTemplate\":\"https:\\\/\\\/sugardaddybelgium.eu\\\/?s={search_term_string}\"},\"query-input\":{\"@type\":\"PropertyValueSpecification\",\"valueRequired\":true,\"valueName\":\"search_term_string\"}}],\"inLanguage\":\"fr-BE\"},{\"@type\":[\"Organization\",\"DatingService\"],\"@id\":\"https:\\\/\\\/sugardaddybelgium.eu\\\/#organization\",\"name\":\"Sugar Daddy Belgi\u00eb\",\"url\":\"https:\\\/\\\/sugardaddybelgium.eu\\\/\",\"logo\":{\"@type\":\"ImageObject\",\"inLanguage\":\"fr-BE\",\"@id\":\"https:\\\/\\\/sugardaddybelgium.eu\\\/#\\\/schema\\\/logo\\\/image\\\/\",\"url\":\"https:\\\/\\\/sugardaddybelgium.eu\\\/wp-content\\\/uploads\\\/2024\\\/10\\\/sugardaddyespanalogo2.jpg\",\"contentUrl\":\"https:\\\/\\\/sugardaddybelgium.eu\\\/wp-content\\\/uploads\\\/2024\\\/10\\\/sugardaddyespanalogo2.jpg\",\"width\":241,\"height\":250,\"caption\":\"Sugar Daddy Belgi\u00eb\"},\"image\":{\"@id\":\"https:\\\/\\\/sugardaddybelgium.eu\\\/#\\\/schema\\\/logo\\\/image\\\/\"},\"sameAs\":[\"https:\\\/\\\/x.com\\\/EspanaSugar\",\"https:\\\/\\\/www.youtube.com\\\/@sugardaddyespana5589\"],\"serviceType\":\"Dating Service\",\"category\":\"Dating\",\"publishingPrinciples\":\"https:\\\/\\\/sugardaddybelgium.eu\\\/publicatieprincipes\\\/\",\"ownershipFundingInfo\":\"https:\\\/\\\/sugardaddybelgium.eu\\\/eigendomsinformatie-en-financiering\\\/\",\"actionableFeedbackPolicy\":\"https:\\\/\\\/sugardaddybelgium.eu\\\/beleid-actieve-respons\\\/\",\"correctionsPolicy\":\"https:\\\/\\\/sugardaddybelgium.eu\\\/correctiebeleid\\\/\",\"ethicsPolicy\":\"https:\\\/\\\/sugardaddybelgium.eu\\\/ethisch-beleid\\\/\",\"diversityPolicy\":\"https:\\\/\\\/sugardaddybelgium.eu\\\/diversiteitsbeleid\\\/\",\"diversityStaffingReport\":\"https:\\\/\\\/sugardaddybelgium.eu\\\/diversiteitsbeleid\\\/\"}]}<\/script>\n<!-- \/ Yoast SEO Premium plugin. -->","yoast_head_json":{"title":"Blog de la web Sugar Daddy Belgi\u00eb con art\u00edculos relacionados","description":"Blog de la web sugardaddybelgium.eu con art\u00edculos relacionados con el Sugar Dating. Blog pour plus d'informations.","robots":{"index":"index","follow":"follow","max-snippet":"max-snippet:-1","max-image-preview":"max-image-preview:large","max-video-preview":"max-video-preview:-1"},"canonical":"https:\/\/sugardaddybelgium.eu\/fr\/blog\/","og_locale":"fr_FR","og_type":"article","og_title":"Blog","og_description":"Welkom op de blog van SugarDaddyBelgium.eu Hier vind je veel nuttige informatie over sugar dating. Als je hier nieuw bent, moet je eerst de volgende","og_url":"https:\/\/sugardaddybelgium.eu\/fr\/blog\/","og_site_name":"Sugar Daddy Belgi\u00eb, red lider de contactos para sugar babys en Espa\u00f1a","article_modified_time":"2026-01-06T15:02:30+00:00","twitter_card":"summary_large_image","twitter_site":"@EspanaSugar","twitter_misc":{"Dur\u00e9e de lecture est.":"1 minute"},"schema":{"@context":"https:\/\/schema.org","@graph":[{"@type":"WebPage","@id":"https:\/\/sugardaddybelgium.eu\/blog\/","url":"https:\/\/sugardaddybelgium.eu\/blog\/","name":"Blog de la web Sugar Daddy Belgi\u00eb con art\u00edculos relacionados","isPartOf":{"@id":"https:\/\/sugardaddybelgium.eu\/#website"},"datePublished":"2018-08-07T15:53:43+00:00","dateModified":"2026-01-06T15:02:30+00:00","description":"Blog de la web sugardaddybelgium.eu con art\u00edculos relacionados con el Sugar Dating. Blog pour plus d'informations.","breadcrumb":{"@id":"https:\/\/sugardaddybelgium.eu\/blog\/#breadcrumb"},"inLanguage":"fr-BE","potentialAction":[{"@type":"ReadAction","target":["https:\/\/sugardaddybelgium.eu\/blog\/"]}]},{"@type":"BreadcrumbList","@id":"https:\/\/sugardaddybelgium.eu\/blog\/#breadcrumb","itemListElement":[{"@type":"ListItem","position":1,"name":"Inicio","item":"https:\/\/sugardaddybelgium.eu\/"},{"@type":"ListItem","position":2,"name":"Blog"}]},{"@type":"WebSite","@id":"https:\/\/sugardaddybelgium.eu\/#website","url":"https:\/\/sugardaddybelgium.eu\/","name":"Sugar Daddy Belgi\u00eb, red lider de contactos para sugar babys en Espa\u00f1a","description":"Apprenez ce qu'est un sugar daddy et prenez contact avec des sugar babys.","publisher":{"@id":"https:\/\/sugardaddybelgium.eu\/#organization"},"alternateName":"Sugar Daddy Belgi\u00eb powered by SugarDaddyPlanet","potentialAction":[{"@type":"SearchAction","target":{"@type":"EntryPoint","urlTemplate":"https:\/\/sugardaddybelgium.eu\/?s={search_term_string}"},"query-input":{"@type":"PropertyValueSpecification","valueRequired":true,"valueName":"search_term_string"}}],"inLanguage":"fr-BE"},{"@type":["Organization","DatingService"],"@id":"https:\/\/sugardaddybelgium.eu\/#organization","name":"Sugar Daddy Belgi\u00eb","url":"https:\/\/sugardaddybelgium.eu\/","logo":{"@type":"ImageObject","inLanguage":"fr-BE","@id":"https:\/\/sugardaddybelgium.eu\/#\/schema\/logo\/image\/","url":"https:\/\/sugardaddybelgium.eu\/wp-content\/uploads\/2024\/10\/sugardaddyespanalogo2.jpg","contentUrl":"https:\/\/sugardaddybelgium.eu\/wp-content\/uploads\/2024\/10\/sugardaddyespanalogo2.jpg","width":241,"height":250,"caption":"Sugar Daddy Belgi\u00eb"},"image":{"@id":"https:\/\/sugardaddybelgium.eu\/#\/schema\/logo\/image\/"},"sameAs":["https:\/\/x.com\/EspanaSugar","https:\/\/www.youtube.com\/@sugardaddyespana5589"],"serviceType":"Dating Service","category":"Dating","publishingPrinciples":"https:\/\/sugardaddybelgium.eu\/publicatieprincipes\/","ownershipFundingInfo":"https:\/\/sugardaddybelgium.eu\/eigendomsinformatie-en-financiering\/","actionableFeedbackPolicy":"https:\/\/sugardaddybelgium.eu\/beleid-actieve-respons\/","correctionsPolicy":"https:\/\/sugardaddybelgium.eu\/correctiebeleid\/","ethicsPolicy":"https:\/\/sugardaddybelgium.eu\/ethisch-beleid\/","diversityPolicy":"https:\/\/sugardaddybelgium.eu\/diversiteitsbeleid\/","diversityStaffingReport":"https:\/\/sugardaddybelgium.eu\/diversiteitsbeleid\/"}]}},"_links":{"self":[{"href":"https:\/\/sugardaddybelgium.eu\/fr\/wp-json\/wp\/v2\/pages\/595","targetHints":{"allow":["GET"]}}],"collection":[{"href":"https:\/\/sugardaddybelgium.eu\/fr\/wp-json\/wp\/v2\/pages"}],"about":[{"href":"https:\/\/sugardaddybelgium.eu\/fr\/wp-json\/wp\/v2\/types\/page"}],"author":[{"embeddable":true,"href":"https:\/\/sugardaddybelgium.eu\/fr\/wp-json\/wp\/v2\/users\/1"}],"replies":[{"embeddable":true,"href":"https:\/\/sugardaddybelgium.eu\/fr\/wp-json\/wp\/v2\/comments?post=595"}],"version-history":[{"count":0,"href":"https:\/\/sugardaddybelgium.eu\/fr\/wp-json\/wp\/v2\/pages\/595\/revisions"}],"wp:attachment":[{"href":"https:\/\/sugardaddybelgium.eu\/fr\/wp-json\/wp\/v2\/media?parent=595"}],"curies":[{"name":"wp","href":"https:\/\/api.w.org\/{rel}","templated":true}]}}